{"id":1829,"date":"2015-09-09T14:59:41","date_gmt":"2015-09-09T14:59:41","guid":{"rendered":"https:\/\/cijam.com\/pt-pt\/registro-distribuidor\/"},"modified":"2017-01-02T10:03:42","modified_gmt":"2017-01-02T09:03:42","slug":"registro-distribuidor","status":"publish","type":"page","link":"https:\/\/cijam.com\/pt-pt\/registro-distribuidor\/","title":{"rendered":"Registro distribuidor"},"content":{"rendered":"<p>Se deseja ser distribuidor de algum dos nossos produtos, pode fazer a solicita\u00e7\u00e3o completando o seguinte formul\u00e1rio<\/p>\n\n<div class=\"wpcf7 no-js\" id=\"wpcf7-f1890-o1\" lang=\"es-ES\" dir=\"ltr\" data-wpcf7-id=\"1890\">\n<div class=\"screen-reader-response\"><p role=\"status\" aria-live=\"polite\" aria-atomic=\"true\"><\/p> <ul><\/ul><\/div>\n<form action=\"\/pt-pt\/wp-json\/wp\/v2\/pages\/1829#wpcf7-f1890-o1\" method=\"post\" class=\"wpcf7-form init\" aria-label=\"Formulario de contacto\" novalidate=\"novalidate\" data-status=\"init\">\n<fieldset class=\"hidden-fields-container\"><input type=\"hidden\" name=\"_wpcf7\" value=\"1890\" \/><input type=\"hidden\" name=\"_wpcf7_version\" value=\"6.1.1\" \/><input type=\"hidden\" name=\"_wpcf7_locale\" value=\"es_ES\" \/><input type=\"hidden\" name=\"_wpcf7_unit_tag\" value=\"wpcf7-f1890-o1\" \/><input type=\"hidden\" name=\"_wpcf7_container_post\" value=\"0\" \/><input type=\"hidden\" name=\"_wpcf7_posted_data_hash\" value=\"\" \/><input type=\"hidden\" name=\"_wpcf7_recaptcha_response\" value=\"\" \/>\n<\/fieldset>\n<div class=\"row\">\n\t<div class=\"col-md-12\">\n\t\t<p><label for=\"denominacion\">Denomina\u00e7\u00e3o empresa ou profissional *<\/label><br \/>\n<span class=\"wpcf7-form-control-wrap\" data-name=\"denominacion\"><input size=\"40\" maxlength=\"400\" class=\"wpcf7-form-control wpcf7-text wpcf7-validates-as-required form-control\" aria-required=\"true\" aria-invalid=\"false\" value=\"\" type=\"text\" name=\"denominacion\" \/><\/span>\n\t\t<\/p>\n\t<\/div>\n\t<div class=\"col-md-6\">\n\t\t<p><label for=\"your-name\">Nome *<\/label><br \/>\n<span class=\"wpcf7-form-control-wrap\" data-name=\"your-name\"><input size=\"40\" maxlength=\"400\" class=\"wpcf7-form-control wpcf7-text wpcf7-validates-as-required form-control\" aria-required=\"true\" aria-invalid=\"false\" value=\"\" type=\"text\" name=\"your-name\" \/><\/span>\n\t\t<\/p>\n\t<\/div>\n\t<div class=\"col-md-6\">\n\t\t<p><label for=\"apellidos\">Sobrenome *<\/label><br \/>\n<span class=\"wpcf7-form-control-wrap\" data-name=\"apellidos\"><input size=\"40\" maxlength=\"400\" class=\"wpcf7-form-control wpcf7-text wpcf7-validates-as-required form-control\" aria-required=\"true\" aria-invalid=\"false\" value=\"\" type=\"text\" name=\"apellidos\" \/><\/span>\n\t\t<\/p>\n\t<\/div>\n\t<div class=\"col-md-12\">\n\t\t<p><label for=\"referencia\">Pessoa de refer\u00eancia *<\/label><br \/>\n<span class=\"wpcf7-form-control-wrap\" data-name=\"referencia\"><input size=\"40\" maxlength=\"400\" class=\"wpcf7-form-control wpcf7-text wpcf7-validates-as-required form-control\" aria-required=\"true\" aria-invalid=\"false\" value=\"\" type=\"text\" name=\"referencia\" \/><\/span>\n\t\t<\/p>\n\t<\/div>\n\t<div class=\"col-md-6\">\n\t\t<p><label for=\"telefono\">Telefone *<\/label><br \/>\n<span class=\"wpcf7-form-control-wrap\" data-name=\"telefono\"><input size=\"40\" maxlength=\"400\" class=\"wpcf7-form-control wpcf7-tel wpcf7-validates-as-required wpcf7-text wpcf7-validates-as-tel form-control\" aria-required=\"true\" aria-invalid=\"false\" value=\"\" type=\"tel\" name=\"telefono\" \/><\/span>\n\t\t<\/p>\n\t<\/div>\n\t<div class=\"col-md-6\">\n\t\t<p><label for=\"telefono_alt\">Telefone alternativo<\/label><br \/>\n<span class=\"wpcf7-form-control-wrap\" data-name=\"telefono_alt\"><input size=\"40\" maxlength=\"400\" class=\"wpcf7-form-control wpcf7-tel wpcf7-text wpcf7-validates-as-tel form-control\" aria-invalid=\"false\" value=\"\" type=\"tel\" name=\"telefono_alt\" \/><\/span>\n\t\t<\/p>\n\t<\/div>\n\t<div class=\"col-md-12\">\n\t\t<p><label for=\"your-email\">E-mail *<\/label><br \/>\n<span class=\"wpcf7-form-control-wrap\" data-name=\"your-email\"><input size=\"40\" maxlength=\"400\" class=\"wpcf7-form-control wpcf7-email wpcf7-validates-as-required wpcf7-text wpcf7-validates-as-email form-control\" aria-required=\"true\" aria-invalid=\"false\" value=\"\" type=\"email\" name=\"your-email\" \/><\/span>\n\t\t<\/p>\n\t<\/div>\n\t<div class=\"col-md-6\">\n\t\t<p><label for=\"cp\">C\u00f3digo Postal *<\/label><br \/>\n<span class=\"wpcf7-form-control-wrap\" data-name=\"cp\"><input size=\"40\" maxlength=\"400\" class=\"wpcf7-form-control wpcf7-text wpcf7-validates-as-required form-control\" aria-required=\"true\" aria-invalid=\"false\" value=\"\" type=\"text\" name=\"cp\" \/><\/span>\n\t\t<\/p>\n\t<\/div>\n\t<div class=\"col-md-6\">\n\t\t<p><label for=\"poblacion\">Cidade *<\/label><br \/>\n<span class=\"wpcf7-form-control-wrap\" data-name=\"poblacion\"><input size=\"40\" maxlength=\"400\" class=\"wpcf7-form-control wpcf7-text wpcf7-validates-as-required form-control\" aria-required=\"true\" aria-invalid=\"false\" value=\"\" type=\"text\" name=\"poblacion\" \/><\/span>\n\t\t<\/p>\n\t<\/div>\n\t<div class=\"col-md-12\">\n\t\t<p><label for=\"provincia\">Prov\u00edncia *<\/label><br \/>\n<span class=\"wpcf7-form-control-wrap\" data-name=\"provincia\"><input size=\"40\" maxlength=\"400\" class=\"wpcf7-form-control wpcf7-text wpcf7-validates-as-required form-control\" aria-required=\"true\" aria-invalid=\"false\" value=\"\" type=\"text\" name=\"provincia\" \/><\/span>\n\t\t<\/p>\n\t<\/div>\n\t<div class=\"col-md-12\">\n\t\t<p><label for=\"actividad\">Principal atividade *<\/label><br \/>\n<span class=\"wpcf7-form-control-wrap\" data-name=\"actividad\"><input size=\"40\" maxlength=\"400\" class=\"wpcf7-form-control wpcf7-text wpcf7-validates-as-required form-control\" aria-required=\"true\" aria-invalid=\"false\" value=\"\" type=\"text\" name=\"actividad\" \/><\/span>\n\t\t<\/p>\n\t<\/div>\n\t<div class=\"col-md-12\">\n\t\t<p><label for=\"empleados\">N\u00ba de trabalhadores<\/label><br \/>\n<span class=\"wpcf7-form-control-wrap\" data-name=\"empleados\"><input class=\"wpcf7-form-control wpcf7-number wpcf7-validates-as-number form-control\" aria-invalid=\"false\" value=\"\" type=\"number\" name=\"empleados\" \/><\/span>\n\t\t<\/p>\n\t<\/div>\n\t<div class=\"col-md-12\">\n\t\t<p><label for=\"facturacion\">Volume de fatura\u00e7\u00e3o *<\/label><br \/>\n<span class=\"wpcf7-form-control-wrap\" data-name=\"facturacion\"><select class=\"wpcf7-form-control wpcf7-select wpcf7-validates-as-required form-control\" aria-required=\"true\" aria-invalid=\"false\" name=\"facturacion\"><option value=\"\">&#8212;Por favor, elige una opci\u00f3n&#8212;<\/option><option value=\"Hasta 100.000 \u20ac\">Hasta 100.000 \u20ac<\/option><option value=\"De 100.000 \u20ac a 500.000 \u20ac\">De 100.000 \u20ac a 500.000 \u20ac<\/option><option value=\"De 500.000 \u20ac a 1.000.000 \u20ac\">De 500.000 \u20ac a 1.000.000 \u20ac<\/option><option value=\"M\u00e1s de 1.000.000 \u20ac\">M\u00e1s de 1.000.000 \u20ac<\/option><\/select><\/span>\n\t\t<\/p>\n\t<\/div>\n\t<div class=\"col-md-12\">\n\t\t<p><label for=\"software\">Software<\/label><br \/>\n<span class=\"wpcf7-form-control-wrap\" data-name=\"software\"><span class=\"wpcf7-form-control wpcf7-checkbox\"><span class=\"wpcf7-list-item first\"><label><input type=\"checkbox\" name=\"software[]\" value=\"BPM\" \/><span class=\"wpcf7-list-item-label\">BPM<\/span><\/label><\/span><span class=\"wpcf7-list-item\"><label><input type=\"checkbox\" name=\"software[]\" value=\"CRM\" \/><span class=\"wpcf7-list-item-label\">CRM<\/span><\/label><\/span><span class=\"wpcf7-list-item\"><label><input type=\"checkbox\" name=\"software[]\" value=\"ERP\" \/><span class=\"wpcf7-list-item-label\">ERP<\/span><\/label><\/span><span class=\"wpcf7-list-item\"><label><input type=\"checkbox\" name=\"software[]\" value=\"Gesti\u00f3n administrativa\" \/><span class=\"wpcf7-list-item-label\">Gesti\u00f3n administrativa<\/span><\/label><\/span><span class=\"wpcf7-list-item\"><label><input type=\"checkbox\" name=\"software[]\" value=\"Gesti\u00f3n personal\" \/><span class=\"wpcf7-list-item-label\">Gesti\u00f3n personal<\/span><\/label><\/span><span class=\"wpcf7-list-item last\"><label><input type=\"checkbox\" name=\"software[]\" value=\"Gesti\u00f3n de producci\u00f3n\" \/><span class=\"wpcf7-list-item-label\">Gesti\u00f3n de producci\u00f3n<\/span><\/label><\/span><\/span><\/span>\n\t\t<\/p>\n\t<\/div>\n\t<div class=\"col-md-12\">\n\t\t<p><label for=\"hardware\">Hardware<\/label><br \/>\n<span class=\"wpcf7-form-control-wrap\" data-name=\"hardware\"><span class=\"wpcf7-form-control wpcf7-checkbox\"><span class=\"wpcf7-list-item first\"><label><input type=\"checkbox\" name=\"hardware[]\" value=\"BACK-UP\" \/><span class=\"wpcf7-list-item-label\">BACK-UP<\/span><\/label><\/span><span class=\"wpcf7-list-item\"><label><input type=\"checkbox\" name=\"hardware[]\" value=\"Dominio\" \/><span class=\"wpcf7-list-item-label\">Dominio<\/span><\/label><\/span><span class=\"wpcf7-list-item\"><label><input type=\"checkbox\" name=\"hardware[]\" value=\"SAI\" \/><span class=\"wpcf7-list-item-label\">SAI<\/span><\/label><\/span><span class=\"wpcf7-list-item last\"><label><input type=\"checkbox\" name=\"hardware[]\" value=\"Servidor\" \/><span class=\"wpcf7-list-item-label\">Servidor<\/span><\/label><\/span><\/span><\/span>\n\t\t<\/p>\n\t<\/div>\n\t<div class=\"col-md-12\">\n\t\t<p><label for=\"calidad\">Tem implantado algum sistema de qualidade?<\/label><br \/>\n<span class=\"wpcf7-form-control-wrap\" data-name=\"calidad\"><span class=\"wpcf7-form-control wpcf7-checkbox\"><span class=\"wpcf7-list-item first\"><label><input type=\"checkbox\" name=\"calidad[]\" value=\"Familia ISO 9000\" \/><span class=\"wpcf7-list-item-label\">Familia ISO 9000<\/span><\/label><\/span><span class=\"wpcf7-list-item\"><label><input type=\"checkbox\" name=\"calidad[]\" value=\"Familia ISO 14000\" \/><span class=\"wpcf7-list-item-label\">Familia ISO 14000<\/span><\/label><\/span><span class=\"wpcf7-list-item\"><label><input type=\"checkbox\" name=\"calidad[]\" value=\"OSHAS 18000\" \/><span class=\"wpcf7-list-item-label\">OSHAS 18000<\/span><\/label><\/span><span class=\"wpcf7-list-item\"><label><input type=\"checkbox\" name=\"calidad[]\" value=\"LPRD\" \/><span class=\"wpcf7-list-item-label\">LPRD<\/span><\/label><\/span><span class=\"wpcf7-list-item\"><label><input type=\"checkbox\" name=\"calidad[]\" value=\"Procedimientos internos\" \/><span class=\"wpcf7-list-item-label\">Procedimientos internos<\/span><\/label><\/span><span class=\"wpcf7-list-item last\"><label><input type=\"checkbox\" name=\"calidad[]\" value=\"Otros\" \/><span class=\"wpcf7-list-item-label\">Otros<\/span><\/label><\/span><\/span><\/span>\n\t\t<\/p>\n\t<\/div>\n\t<div class=\"col-md-12\">\n\t\t<p><label for=\"productos\">Produtos de interesse *<\/label><br \/>\n<span class=\"wpcf7-form-control-wrap\" data-name=\"productos\"><select class=\"wpcf7-form-control wpcf7-select wpcf7-validates-as-required form-control\" aria-required=\"true\" aria-invalid=\"false\" name=\"productos\"><option value=\"\">&#8212;Por favor, elige una opci\u00f3n&#8212;<\/option><option value=\"CRM\">CRM<\/option><option value=\"ERP Gesti\u00f3n\">ERP Gesti\u00f3n<\/option><option value=\"M\u00f3dulos CIJAM\">M\u00f3dulos CIJAM<\/option><option value=\"Otros productos de gesti\u00f3n\">Otros productos de gesti\u00f3n<\/option><\/select><\/span>\n\t\t<\/p>\n\t<\/div>\n\t<div class=\"col-md-12\">\n\t\t<p><label for=\"modulos\">M\u00f3dulos CIJAM *<\/label><br \/>\n<span class=\"wpcf7-form-control-wrap\" data-name=\"modulos\"><select class=\"wpcf7-form-control wpcf7-select wpcf7-validates-as-required form-control\" aria-required=\"true\" aria-invalid=\"false\" name=\"modulos\"><option value=\"\">&#8212;Por favor, elige una opci\u00f3n&#8212;<\/option><option value=\"Agroalimentarias\">Agroalimentarias<\/option><option value=\"C\u00e1rnicas\">C\u00e1rnicas<\/option><option value=\"Edigen\">Edigen<\/option><option value=\"Entrada de mercanc\u00eda\">Entrada de mercanc\u00eda<\/option><option value=\"SAT\">SAT<\/option><option value=\"Mantenimiento preventivo\">Mantenimiento preventivo<\/option><option value=\"Transformaciones\">Transformaciones<\/option><option value=\"Otros m\u00f3dulos\">Otros m\u00f3dulos<\/option><\/select><\/span>\n\t\t<\/p>\n\t<\/div>\n\t<div class=\"col-md-12\">\n\t\t<p><label for=\"solmedida\">Rela\u00e7\u00e3o de produtos ou servi\u00e7os que comercializa *<\/label><br \/>\n<span class=\"wpcf7-form-control-wrap\" data-name=\"comercio\"><textarea cols=\"40\" rows=\"7\" maxlength=\"2000\" class=\"wpcf7-form-control wpcf7-textarea wpcf7-validates-as-required form-control\" aria-required=\"true\" aria-invalid=\"false\" name=\"comercio\"><\/textarea><\/span>\n\t\t<\/p>\n\t<\/div>\n\t<div class=\"col-md-12\">\n\t\t<p><label for=\"especificar\">Experi\u00eancia no setor inform\u00e1tico *<\/label><br \/>\n<span class=\"wpcf7-form-control-wrap\" data-name=\"experiencia\"><select class=\"wpcf7-form-control wpcf7-select wpcf7-validates-as-required form-control\" aria-required=\"true\" aria-invalid=\"false\" name=\"experiencia\"><option value=\"\">&#8212;Por favor, elige una opci\u00f3n&#8212;<\/option><option value=\"Hasta 1 a\u00f1o\">Hasta 1 a\u00f1o<\/option><option value=\"De 1 a 5 a\u00f1os\">De 1 a 5 a\u00f1os<\/option><option value=\"De 5 a 10 a\u00f1os\">De 5 a 10 a\u00f1os<\/option><option value=\"M\u00e1s de 10 a\u00f1os\">M\u00e1s de 10 a\u00f1os<\/option><option value=\"Especificar\">Especificar<\/option><\/select><\/span>\n\t\t<\/p>\n\t<\/div>\n\t<div class=\"col-md-12\">\n\t\t<p><label for=\"es_experiencia\">Especificar experi\u00eancia *<\/label><br \/>\n<span class=\"wpcf7-form-control-wrap\" data-name=\"es_experiencia\"><input size=\"40\" maxlength=\"400\" class=\"wpcf7-form-control wpcf7-text wpcf7-validates-as-required form-control\" aria-required=\"true\" aria-invalid=\"false\" value=\"\" type=\"text\" name=\"es_experiencia\" \/><\/span>\n\t\t<\/p>\n\t<\/div>\n\t<div class=\"col-md-12\">\n\t\t<p><label for=\"cartera\">Carteira de clientes<\/label><br \/>\n<span class=\"wpcf7-form-control-wrap\" data-name=\"cartera\"><select class=\"wpcf7-form-control wpcf7-select form-control\" aria-invalid=\"false\" name=\"cartera\"><option value=\"\">&#8212;Por favor, elige una opci\u00f3n&#8212;<\/option><option value=\"Hasta 100\">Hasta 100<\/option><option value=\"De 100 a 500\">De 100 a 500<\/option><option value=\"De 500 a 1000\">De 500 a 1000<\/option><option value=\"M\u00e1s de 1000\">M\u00e1s de 1000<\/option><\/select><\/span>\n\t\t<\/p>\n\t<\/div>\n\t<div class=\"col-md-12\">\n\t\t<p><label for=\"distriantes\">J\u00e1 distribuiu algum Software de Integra\u00e7\u00e3o de Gest\u00e3o?<\/label><br \/>\n<b><span class=\"wpcf7-form-control-wrap\" data-name=\"distriantes\"><span class=\"wpcf7-form-control wpcf7-checkbox\"><span class=\"wpcf7-list-item first last\"><input type=\"checkbox\" name=\"distriantes[]\" value=\"s\u00ed\" \/><span class=\"wpcf7-list-item-label\">s\u00ed<\/span><\/span><\/span><\/span><\/b>\n\t\t<\/p>\n\t<\/div>\n\t<div class=\"col-md-12\">\n\t\t<p><label for=\"web\">Dire\u00e7\u00e3o URL da sua p\u00e1gina web<\/label><br \/>\n<span class=\"wpcf7-form-control-wrap\" data-name=\"web\"><input size=\"40\" maxlength=\"400\" class=\"wpcf7-form-control wpcf7-url wpcf7-text wpcf7-validates-as-url form-control\" aria-invalid=\"false\" value=\"\" type=\"url\" name=\"web\" \/><\/span>\n\t\t<\/p>\n\t<\/div>\n\t<div class=\"col-md-12\">\n\t\t<p><label for=\"your-message\">Observa\u00e7\u00f5es. Quanta mais informa\u00e7\u00e3o nos possa facilitar, melhor poderemos ajustar-nos \u00e0s suas necesidades *<\/label><br \/>\n<span class=\"wpcf7-form-control-wrap\" data-name=\"your-message\"><textarea cols=\"40\" rows=\"7\" maxlength=\"2000\" class=\"wpcf7-form-control wpcf7-textarea wpcf7-validates-as-required form-control\" aria-required=\"true\" aria-invalid=\"false\" name=\"your-message\"><\/textarea><\/span>\n\t\t<\/p>\n\t<\/div>\n\t<div class=\"col-md-12\">\n\t\t<p><label for=\"politica\"><span style=\"margin-right: 10px\"><span class=\"wpcf7-form-control-wrap\" data-name=\"politica\"><span class=\"wpcf7-form-control wpcf7-acceptance\"><span class=\"wpcf7-list-item\"><input type=\"checkbox\" name=\"politica\" value=\"1\" aria-invalid=\"false\" \/><\/span><\/span><\/span><\/span> Eu li e aceito la <a href=\"https:\/\/cijam.com\/pt-pt\/politica-de-privacidade\/\">Pol\u00edtica de Privacidade de CIJAM *<\/a><\/label>\n\t\t<\/p>\n\t<\/div>\n\t<div class=\"col-md-12\">\n\t\t<h3>Informaci\u00f3n sobre el tratamiento de datos: Anexo\n\t\t<\/h3>\n\t\t<p>Le informamos que los datos personales proporcionados en este formulario ser\u00e1n recopilados para:\n\t\t<\/p>\n\t\t<ul>\n\t\t\t<li>\n\t\t\t\t<p>Proporcionar el servicio de registro\n\t\t\t\t<\/p>\n\t\t\t<\/li>\n\t\t\t<li>\n\t\t\t\t<p>Gestionar la relaci\u00f3n contractual\n\t\t\t\t<\/p>\n\t\t\t<\/li>\n\t\t\t<li>\n\t\t\t\t<p>Monitorizar la funcionalidad del sitio web\n\t\t\t\t<\/p>\n\t\t\t<\/li>\n\t\t\t<li>\n\t\t\t\t<p>Desarrollar actividades de marketing\n\t\t\t\t<\/p>\n\t\t\t<\/li>\n\t\t\t<li>\n\t\t\t\t<p>Desarrollar actividades de comercializaci\u00f3n, formaci\u00f3n y servicios inform\u00e1ticos\n\t\t\t\t<\/p>\n\t\t\t<\/li>\n\t\t<\/ul>\n\t\t<p>Como se indica en la pol\u00edtica de privacidad del tratamiento de datos personales que puede consultar <a href=\"https:\/\/cijam.com\/politica-de-privacidad\/\">aqu\u00ed<\/a>.\n\t\t<\/p>\n\t<\/div>\n\t<div class=\"col-md-12\">\n\t\t<p>A. Expreso mi consentimiento al tratamiento de mis datos personales por parte de Consultor\u00eda Inform\u00e1tica Jam, S.L. para efectuar la actividad de marketing, de informaci\u00f3n comercial y actividad promocional, incluso la basada en la elaboraci\u00f3n de perfiles, incluido el envio de newsletter y material publicitario a trav\u00e9s de aplicaciones de mensajer\u00eda. Las actividades de elaboraci\u00f3n de perfiles se efectuaran sobre la base de mi comportamiento de navegaci\u00f3n, de compra y ser\u00e1 utilizado en la publicidad basada en el comportamiento. (Punto 4: Pol\u00edtica Privacidad: Finalidades de la recogida)\n\t\t<\/p>\n\t\t<p><span class=\"wpcf7-form-control-wrap\" data-name=\"radio-840\"><span class=\"wpcf7-form-control wpcf7-radio\"><span class=\"wpcf7-list-item first\"><label><input type=\"radio\" name=\"radio-840\" value=\"Si\" \/><span class=\"wpcf7-list-item-label\">Si<\/span><\/label><\/span><span class=\"wpcf7-list-item last\"><label><input type=\"radio\" name=\"radio-840\" value=\"No\" checked=\"checked\" \/><span class=\"wpcf7-list-item-label\">No<\/span><\/label><\/span><\/span><\/span>\n\t\t<\/p>\n\t<\/div>\n\t<div class=\"col-md-12\">\n\t\t<p>B. Expreso mi consentimiento al tratamiento de mis datos personales por parte de Consultor\u00eda Inform\u00e1tica Jam, S.L. para la actividad de comercializaci\u00f3n de software y de hardware. (Punto 5: Pol\u00edtica Privacidad: Finalidades de la recogida)\n\t\t<\/p>\n\t\t<p><span class=\"wpcf7-form-control-wrap\" data-name=\"radio-77\"><span class=\"wpcf7-form-control wpcf7-radio\"><span class=\"wpcf7-list-item first\"><label><input type=\"radio\" name=\"radio-77\" value=\"Si\" \/><span class=\"wpcf7-list-item-label\">Si<\/span><\/label><\/span><span class=\"wpcf7-list-item last\"><label><input type=\"radio\" name=\"radio-77\" value=\"No\" checked=\"checked\" \/><span class=\"wpcf7-list-item-label\">No<\/span><\/label><\/span><\/span><\/span>\n\t\t<\/p>\n\t<\/div>\n\t<div class=\"col-md-12\">\n\t\t<p>C. Expreso mi consentimiento al tratamiento de mis datos personales por parte de Consultor\u00eda Inform\u00e1tica Jam, S.L. para la actividad de asesor\u00eda, consultor\u00eda y formaci\u00f3n de los programas y servicios contratados. (Punto 6: Pol\u00edtica Privacidad: Finalidades de la recogida)\n\t\t<\/p>\n\t\t<p><span class=\"wpcf7-form-control-wrap\" data-name=\"radio-380\"><span class=\"wpcf7-form-control wpcf7-radio\"><span class=\"wpcf7-list-item first\"><label><input type=\"radio\" name=\"radio-380\" value=\"Si\" \/><span class=\"wpcf7-list-item-label\">Si<\/span><\/label><\/span><span class=\"wpcf7-list-item last\"><label><input type=\"radio\" name=\"radio-380\" value=\"No\" checked=\"checked\" \/><span class=\"wpcf7-list-item-label\">No<\/span><\/label><\/span><\/span><\/span>\n\t\t<\/p>\n\t<\/div>\n\t<div class=\"col-md-12\">\n\t\t<p>D. Expreso mi consentimiento al tratamiento de mis datos personales por parte de Consultor\u00eda Inform\u00e1tica Jam, S.L. para la actividad de soporte de programas contratados y servicios contratados. (Punto 7: Pol\u00edtica Privacidad: Finalidades de la recogida)Punto 7: Finalidad de recogida de datos)\n\t\t<\/p>\n\t\t<p><span class=\"wpcf7-form-control-wrap\" data-name=\"radio-827\"><span class=\"wpcf7-form-control wpcf7-radio\"><span class=\"wpcf7-list-item first\"><label><input type=\"radio\" name=\"radio-827\" value=\"Si\" \/><span class=\"wpcf7-list-item-label\">Si<\/span><\/label><\/span><span class=\"wpcf7-list-item last\"><label><input type=\"radio\" name=\"radio-827\" value=\"No\" checked=\"checked\" \/><span class=\"wpcf7-list-item-label\">No<\/span><\/label><\/span><\/span><\/span><br \/>\n\t\t<\/p>\n\t<\/div>\n\t<div class=\"col-md-12\">\n\t\n\t\t<p><input class=\"wpcf7-form-control wpcf7-submit has-spinner btn btn-default\" type=\"submit\" value=\"Enviar\" \/>\n\t\t<\/p>\n\t<\/div>\n<\/div><div class=\"wpcf7-response-output\" aria-hidden=\"true\"><\/div>\n<\/form>\n<\/div>\n\n","protected":false},"excerpt":{"rendered":"<p>Se deseja ser distribuidor de algum dos nossos produtos, pode fazer a solicita\u00e7\u00e3o completando o seguinte formul\u00e1rio<\/p>\n","protected":false},"author":1,"featured_media":1279,"parent":0,"menu_order":0,"comment_status":"closed","ping_status":"closed","template":"pag-ficha.php","meta":{"_et_pb_use_builder":"","_et_pb_old_content":"","_et_gb_content_width":"","footnotes":""},"class_list":["post-1829","page","type-page","status-publish","has-post-thumbnail","hentry"],"_links":{"self":[{"href":"https:\/\/cijam.com\/pt-pt\/wp-json\/wp\/v2\/pages\/1829","targetHints":{"allow":["GET"]}}],"collection":[{"href":"https:\/\/cijam.com\/pt-pt\/wp-json\/wp\/v2\/pages"}],"about":[{"href":"https:\/\/cijam.com\/pt-pt\/wp-json\/wp\/v2\/types\/page"}],"author":[{"embeddable":true,"href":"https:\/\/cijam.com\/pt-pt\/wp-json\/wp\/v2\/users\/1"}],"replies":[{"embeddable":true,"href":"https:\/\/cijam.com\/pt-pt\/wp-json\/wp\/v2\/comments?post=1829"}],"version-history":[{"count":5,"href":"https:\/\/cijam.com\/pt-pt\/wp-json\/wp\/v2\/pages\/1829\/revisions"}],"predecessor-version":[{"id":3213,"href":"https:\/\/cijam.com\/pt-pt\/wp-json\/wp\/v2\/pages\/1829\/revisions\/3213"}],"wp:featuredmedia":[{"embeddable":true,"href":"https:\/\/cijam.com\/pt-pt\/wp-json\/wp\/v2\/media\/1279"}],"wp:attachment":[{"href":"https:\/\/cijam.com\/pt-pt\/wp-json\/wp\/v2\/media?parent=1829"}],"curies":[{"name":"wp","href":"https:\/\/api.w.org\/{rel}","templated":true}]}}