{"id":1839,"date":"2016-01-06T01:19:51","date_gmt":"2016-01-06T00:19:51","guid":{"rendered":"https:\/\/cijam.com\/pt-pt\/politica-de-cookies\/"},"modified":"2024-09-04T18:31:49","modified_gmt":"2024-09-04T16:31:49","slug":"politica-de-cookies-pt","status":"publish","type":"page","link":"https:\/\/cijam.com\/pt-pt\/politica-de-cookies-pt\/","title":{"rendered":"Pol\u00edtica de Cookies"},"content":{"rendered":"<h4>1. Uso de cookies<\/h4>\n<p>O site www.cijam.com propriedade da Consultor\u00eda Inform\u00e1tica.com utiliza cookies.<\/p>\n<p>Cookies s\u00e3o arquivos que s\u00e3o baixados para o seu computador quando voc\u00ea acessa determinadas p\u00e1ginas da web. Os cookies permitem que uma p\u00e1gina da Web, entre outras coisas, armazene e recupere informa\u00e7\u00f5es sobre os h\u00e1bitos de navega\u00e7\u00e3o de um usu\u00e1rio ou de sua equipe e, dependendo das informa\u00e7\u00f5es que eles cont\u00eam e da maneira como usam seus equipamentos. Al\u00e9m disso, eles melhoram seu processo de navega\u00e7\u00e3o, pois permitem que o site ofere\u00e7a ao usu\u00e1rio informa\u00e7\u00f5es que podem ser de interesse, dependendo do uso feito, do conte\u00fado do mesmo.<\/p>\n<p>Caso voc\u00ea n\u00e3o queira receber cookies, por favor, configure seu navegador de internet, para que voc\u00ea os apague do disco r\u00edgido do seu computador, bloqueie-os ou notifique-o quando eles forem instalados. Para continuar sem altera\u00e7\u00f5es na configura\u00e7\u00e3o de cookies, basta continuar na p\u00e1gina da web.<\/p>\n<h4>2. Consentimiento<\/h4>\n<p>Os cookies que usamos n\u00e3o armazenam quaisquer dados pessoais, nem qualquer tipo de informa\u00e7\u00e3o que possa identific\u00e1-lo, a menos que voc\u00ea queira se registrar voluntariamente para usar os servi\u00e7os que fornecemos ou receber informa\u00e7\u00f5es sobre promo\u00e7\u00f5es e conte\u00fado de interesse.<\/p>\n<p>Ao navegar e continuar em nosso site, voc\u00ea indica que concorda com o uso dos cookies acima mencionados e nas condi\u00e7\u00f5es contidas nesta pol\u00edtica de cookies. Se voc\u00ea n\u00e3o concordar, envie um email para rgpd@cijam.com.<\/p>\n<h4>3. Como bloquear ou excluir cookies instalados<\/h4>\n<p>Voc\u00ea pode permitir, bloquear ou excluir os cookies instalados no seu computador, configurando as op\u00e7\u00f5es do seu navegador. Voc\u00ea pode encontrar informa\u00e7\u00f5es sobre como faz\u00ea-lo, em rela\u00e7\u00e3o aos navegadores mais comuns nos links que est\u00e3o inclu\u00eddos abaixo:<\/p>\n<p>Explorer: <a href=\"https:\/\/support.microsoft.com\/pt-pt\/kb\/278835\">https:\/\/support.microsoft.com\/pt-pt\/kb\/278835<\/a><\/p>\n<p>Chrome: <a href=\"http:\/\/support.google.com\/chrome\/bin\/answer.py?hl=pt&amp;answer=95647\">http:\/\/support.google.com\/chrome\/bin\/answer.py?hl=pt&amp;answer=95647<\/a><\/p>\n<p>Firefox: <a href=\"http:\/\/support.mozilla.org\/pt\/kb\/Borrar%20cookies\">http:\/\/support.mozilla.org\/pt\/kb\/Borrar%20cookies<\/a><\/p>\n<p>Safari: <a href=\"http:\/\/support.apple.com\/kb\/ph5042\">http:\/\/support.apple.com\/kb\/ph5042<\/a><\/p>\n<p>Informamos, no entanto, da possibilidade de que a desativa\u00e7\u00e3o de qualquer cookie impe\u00e7a ou dificulte a navega\u00e7\u00e3o ou a presta\u00e7\u00e3o dos servi\u00e7os oferecidos no site.<\/p>\n<h4>4. Modifica\u00e7\u00f5es<\/h4>\n<p>O site www.cijam.com, de propriedade da Consultor\u00eda Inform\u00e1tica, JAM, S.L. Voc\u00ea pode modificar essa pol\u00edtica de cookies de acordo com os requisitos legais. Ou para adaptar esta pol\u00edtica \u00e0s instru\u00e7\u00f5es emitidas pela Ag\u00eancia Espanhola de Prote\u00e7\u00e3o de Dados.<\/p>\n<p>Por esse motivo, aconselhamos os usu\u00e1rios a visit\u00e1-lo periodicamente. Quando mudan\u00e7as significativas ocorrerem nesta pol\u00edtica de cookies, os usu\u00e1rios ser\u00e3o informados, atrav\u00e9s da web ou por e-mail, aos usu\u00e1rios registrados.<\/p>\n","protected":false},"excerpt":{"rendered":"<p>1. Uso de cookies O site www.cijam.com propriedade da Consultor\u00eda Inform\u00e1tica.com utiliza cookies. Cookies s\u00e3o arquivos que s\u00e3o baixados para o seu computador quando voc\u00ea acessa determinadas p\u00e1ginas da web. Os cookies permitem que uma p\u00e1gina da Web, entre outras coisas, armazene e recupere informa\u00e7\u00f5es sobre os h\u00e1bitos de navega\u00e7\u00e3o de um usu\u00e1rio ou de [&hellip;]<\/p>\n","protected":false},"author":1,"featured_media":1278,"parent":0,"menu_order":0,"comment_status":"closed","ping_status":"closed","template":"","meta":{"_et_pb_use_builder":"","_et_pb_old_content":"","_et_gb_content_width":"","footnotes":""},"class_list":["post-1839","page","type-page","status-publish","has-post-thumbnail","hentry"],"_links":{"self":[{"href":"https:\/\/cijam.com\/pt-pt\/wp-json\/wp\/v2\/pages\/1839","targetHints":{"allow":["GET"]}}],"collection":[{"href":"https:\/\/cijam.com\/pt-pt\/wp-json\/wp\/v2\/pages"}],"about":[{"href":"https:\/\/cijam.com\/pt-pt\/wp-json\/wp\/v2\/types\/page"}],"author":[{"embeddable":true,"href":"https:\/\/cijam.com\/pt-pt\/wp-json\/wp\/v2\/users\/1"}],"replies":[{"embeddable":true,"href":"https:\/\/cijam.com\/pt-pt\/wp-json\/wp\/v2\/comments?post=1839"}],"version-history":[{"count":9,"href":"https:\/\/cijam.com\/pt-pt\/wp-json\/wp\/v2\/pages\/1839\/revisions"}],"predecessor-version":[{"id":4817,"href":"https:\/\/cijam.com\/pt-pt\/wp-json\/wp\/v2\/pages\/1839\/revisions\/4817"}],"wp:featuredmedia":[{"embeddable":true,"href":"https:\/\/cijam.com\/pt-pt\/wp-json\/wp\/v2\/media\/1278"}],"wp:attachment":[{"href":"https:\/\/cijam.com\/pt-pt\/wp-json\/wp\/v2\/media?parent=1839"}],"curies":[{"name":"wp","href":"https:\/\/api.w.org\/{rel}","templated":true}]}}