{"id":2992,"date":"2016-06-06T10:20:00","date_gmt":"2016-06-06T09:20:00","guid":{"rendered":"https:\/\/cijam.com\/pt-pt\/minha-conta\/descargar-contrato-colaborador\/"},"modified":"2024-09-03T12:42:18","modified_gmt":"2024-09-03T10:42:18","slug":"descargar-contrato-colaborador","status":"publish","type":"page","link":"https:\/\/cijam.com\/pt-pt\/minha-conta\/descargar-contrato-colaborador\/","title":{"rendered":"Documenta\u00e7\u00e3o Colaborador"},"content":{"rendered":"<div class=\"members-access-error\">Para acceder a esta p\u00e1gina es necesario estar conectado con un perfil de Distribuidor CIJAM. Si deseas m\u00e1s informaci\u00f3n entre en contacto a trav\u00e9s del correo electr\u00f3nico gestion@consultorainformatica.com.<\/div>\n","protected":false},"excerpt":{"rendered":"<div class=\"members-access-error\">Para acceder a esta p\u00e1gina es necesario estar conectado con un perfil de Distribuidor CIJAM. Si deseas m\u00e1s informaci\u00f3n entre en contacto a trav\u00e9s del correo electr\u00f3nico gestion@consultorainformatica.com.<\/div>\n","protected":false},"author":6,"featured_media":0,"parent":1849,"menu_order":1,"comment_status":"closed","ping_status":"closed","template":"","meta":{"_et_pb_use_builder":"on","_et_pb_old_content":"","_et_gb_content_width":"","footnotes":""},"class_list":["post-2992","page","type-page","status-publish","hentry"],"_links":{"self":[{"href":"https:\/\/cijam.com\/pt-pt\/wp-json\/wp\/v2\/pages\/2992","targetHints":{"allow":["GET"]}}],"collection":[{"href":"https:\/\/cijam.com\/pt-pt\/wp-json\/wp\/v2\/pages"}],"about":[{"href":"https:\/\/cijam.com\/pt-pt\/wp-json\/wp\/v2\/types\/page"}],"author":[{"embeddable":true,"href":"https:\/\/cijam.com\/pt-pt\/wp-json\/wp\/v2\/users\/6"}],"replies":[{"embeddable":true,"href":"https:\/\/cijam.com\/pt-pt\/wp-json\/wp\/v2\/comments?post=2992"}],"version-history":[{"count":3,"href":"https:\/\/cijam.com\/pt-pt\/wp-json\/wp\/v2\/pages\/2992\/revisions"}],"predecessor-version":[{"id":5149,"href":"https:\/\/cijam.com\/pt-pt\/wp-json\/wp\/v2\/pages\/2992\/revisions\/5149"}],"up":[{"embeddable":true,"href":"https:\/\/cijam.com\/pt-pt\/wp-json\/wp\/v2\/pages\/1849"}],"wp:attachment":[{"href":"https:\/\/cijam.com\/pt-pt\/wp-json\/wp\/v2\/media?parent=2992"}],"curies":[{"name":"wp","href":"https:\/\/api.w.org\/{rel}","templated":true}]}}