{"id":3406,"date":"2018-06-29T12:24:17","date_gmt":"2018-06-29T11:24:17","guid":{"rendered":"https:\/\/cijam.com\/?page_id=3406\/"},"modified":"2024-09-04T18:28:40","modified_gmt":"2024-09-04T16:28:40","slug":"politica-de-privacidade","status":"publish","type":"page","link":"https:\/\/cijam.com\/pt-pt\/politica-de-privacidade\/","title":{"rendered":"Pol\u00edtica de Privacidade"},"content":{"rendered":"<p>Em conformidade com o Regulamento (UE) 2016\/679, do Parlamento Europeu e do Conselho, de 27 de abril de 2016 (doravante denominado RGPD), Consultor\u00eda Inform\u00e1tica JAM, S.L. (doravante CIJAM) destaca a presente Pol\u00edtica sobre o tratamento e prote\u00e7\u00e3o de dados pessoais.<\/p>\n<h4>DADOS DO RESPONS\u00c1VEL DO TRATAMENTO<\/h4>\n<p>Neg\u00f3cio: Consultor\u00eda Inform\u00e1tica JAM, S.L.<br \/>\nNIF: B97553622<br \/>\nEndere\u00e7o: C\/ Silvestre d&#8217;Edeta, n\u00ba16 Bajo, 46160 Ll\u00edria (Valencia)<br \/>\nTelefone: 962717025<br \/>\nE-Mail: rgpd@cijam.com<\/p>\n<p>Dados do contato delegado na prote\u00e7\u00e3o de dados:<br \/>\nDelegado n\u00e3o est\u00e1 dispon\u00edvel<\/p>\n<h4>PROP\u00d3SITOS DA COLETA E PROCESSAMENTO DE DADOS PESSOAIS<\/h4>\n<p>O objetivo desta declara\u00e7\u00e3o \u00e9 informar as partes interessadas sobre a Pol\u00edtica Geral de Privacidade e Prote\u00e7\u00e3o de Dados Pessoais, seguida pelo CIJAM. Esta Pol\u00edtica de Privacidade pode variar dependendo dos requisitos legais ou da auto-regula\u00e7\u00e3o, por isso \u00e9 aconselh\u00e1vel que as partes interessadas a visitem periodicamente. Ser\u00e1 aplic\u00e1vel se as partes interessadas decidirem preencher um formul\u00e1rio onde os dados pessoais s\u00e3o coletados, sem preju\u00edzo do que \u00e9 indicado na &#8220;Cl\u00e1usula de Privacidade&#8221; aplic\u00e1vel a cada formul\u00e1rio espec\u00edfico.<\/p>\n<p>O CIJAM tem plena consci\u00eancia do uso e tratamento que deve ser dado aos dados pessoais que possam ser solicitados ou que possam ser obtidos das partes interessadas em suas p\u00e1ginas para gerenciar os servi\u00e7os oferecidos ou para enviar comunica\u00e7\u00f5es comerciais de produtos ou servi\u00e7os que pode ser do seu interesse.<\/p>\n<p>Tratamos seus dados para gerenciamento administrativo, cont\u00e1bil e fiscal e suporte t\u00e9cnico, para gerenciar a venda de software e \/ ou hardware, desenvolvimento de todos os tipos de programas de computador, consultoria e presta\u00e7\u00e3o de servi\u00e7os relacionados \u00e0 computa\u00e7\u00e3o.<\/p>\n<p>Em rela\u00e7\u00e3o aos &#8220;cookies&#8221; que o CIJAM usa na navega\u00e7\u00e3o pelo seu site (<a href=\"http:\/\/www.cijam.com\">http:\/\/www.cijam.com<\/a>) , eles s\u00e3o armazenados no equipamento terminal da parte interessada (computador ou dispositivo m\u00f3vel) para coletar dados estat\u00edsticos sobre sua navega\u00e7\u00e3o no site e permitir a exibi\u00e7\u00e3o de conte\u00fado publicit\u00e1rio. Eles n\u00e3o cont\u00eam dados pessoais. A parte interessada pode configurar seu navegador para aceitar ou rejeitar a instala\u00e7\u00e3o de cookies ou apag\u00e1-los assim que terminarem de navegar no site. No entanto, o CIJAM aconselha e reconhece que a aceita\u00e7\u00e3o de cookies \u00e9 ativada para obter dados mais precisos que permitam melhorar o conte\u00fado e adapt\u00e1-lo \u00e0s prefer\u00eancias da parte interessada. O CIJAM n\u00e3o \u00e9 respons\u00e1vel pelo fato de que a desativa\u00e7\u00e3o de cookies pode impedir o bom funcionamento do site.<\/p>\n<p>Todas as informa\u00e7\u00f5es sobre os cookies usados \u200b\u200bpelo CIJAM s\u00e3o publicadas em sua pol\u00edtica de cookies, dispon\u00edvel para consulta em <a href=\"https:\/\/cijam.com\/pt-pt\/politica-de-cookies\/\">https:\/\/cijam.com\/pt-pt\/cookie-policy\/<\/a><\/p>\n<h4>PRAZO DE CONSERVA\u00c7\u00c3O DE DADOS PESSOAIS<\/h4>\n<p>Se a parte interessada decidir se inscrever, ser\u00e1 solicitada uma s\u00e9rie de dados pessoais essenciais para gerenciar os produtos ou servi\u00e7os solicitados (nome, sobrenome, email, endere\u00e7o postal, etc.). Da mesma forma, voc\u00ea pode ser obrigado a contribuir voluntariamente com uma s\u00e9rie de dados complementares destinados a informa\u00e7\u00f5es e marketing de ofertas, servi\u00e7os ou atividades relacionadas a eles e limitados \u00e0s atividades e servi\u00e7os do CIJAM.<\/p>\n<p>As partes interessadas responder\u00e3o, em qualquer caso, pela veracidade dos dados facilitados, sendo respons\u00e1veis \u200b\u200bpor comunicar qualquer modifica\u00e7\u00e3o no mesmo, e sendo CIJAM isentos de qualquer tipo de responsabilidade a este respeito.<\/p>\n<p>Consultor\u00eda CIJAM reserva-se o direito de excluir dos servi\u00e7os registrados qualquer parte interessada que tenha fornecido informa\u00e7\u00f5es falsas, sem preju\u00edzo de outras a\u00e7\u00f5es que possam ser previstas por lei. CIJAM est\u00e1 empenhada em cumprir a sua obriga\u00e7\u00e3o de sigilo de dados pessoais e seu dever de mant\u00ea-los, e vai tomar as medidas t\u00e9cnicas e organizacionais necess\u00e1rias para garantir a seguran\u00e7a dos dados pessoais e prevenir a sua altera\u00e7\u00e3o, perda, tratamento ou acesso n\u00e3o autorizado, levando em conta o estado da tecnologia, de acordo com as disposi\u00e7\u00f5es do RGPD. No entanto, o CIJAM n\u00e3o pode garantir a impregna\u00e7\u00e3o absoluta da rede da Internet e, portanto, a viola\u00e7\u00e3o de dados por acesso fraudulento a eles por terceiros.<\/p>\n<p>Os dados pessoais fornecidos ser\u00e3o mantidos enquanto o relacionamento com a entidade for mantido e sua exclus\u00e3o n\u00e3o for solicitada pela parte interessada, eles ser\u00e3o mantidos de acordo com os prazos legais estabelecidos em assuntos fiscais e cont\u00e1beis, tomando como refer\u00eancia a \u00faltima comunica\u00e7\u00e3o.<\/p>\n<h4>DECIS\u00d5ES AUTOMATIZADAS<\/h4>\n<p>A empresa N\u00c3O tomar\u00e1 decis\u00f5es, perfis ou l\u00f3gica automatizados aplicados a seus dados.<\/p>\n<h4>LEGITIMA\u00c7\u00c3O PARA A EXECU\u00c7\u00c3O DO CONTRATO<\/h4>\n<p>Porque o tratamento \u00e9 necess\u00e1rio para a execu\u00e7\u00e3o de um contrato comercial, no qual voc\u00ea \u00e9 uma parte, \u00e9 declarado que o tipo de contrato em quest\u00e3o \u00e9 o contrato comercial acima mencionado ou a rela\u00e7\u00e3o pr\u00e9-contratual.<\/p>\n<p>Como a comunica\u00e7\u00e3o de dados pessoais \u00e9 uma exig\u00eancia legal ou contratual e um requisito necess\u00e1rio para assinar o contrato acima mencionado, a parte interessada \u00e9 informada de que \u00e9 obrigada a fornecer dados pessoais, e tamb\u00e9m que as conseq\u00fc\u00eancias de n\u00e3o faz\u00ea-lo podem resultar na n\u00e3o presta\u00e7\u00e3o da informa\u00e7\u00e3o. servi\u00e7o solicitado.<\/p>\n<h4>ALVOS DE DADOS PESSOAIS<\/h4>\n<p>Durante o per\u00edodo de dura\u00e7\u00e3o do tratamento, o CIJAM n\u00e3o far\u00e1 qualquer atribui\u00e7\u00e3o, exceto obriga\u00e7\u00e3o legal, nem qualquer transfer\u00eancia.<\/p>\n<p>Nenhum terceiro n\u00e3o relacionado ao respons\u00e1vel supracitado poder\u00e1 acessar em qualquer caso diretamente seus dados pessoais sem o seu consentimento expresso para cada ocasi\u00e3o, exceto aqueles considerados respons\u00e1veis \u200b\u200bpelo tratamento, que precisam ter acesso para fornecer o servi\u00e7o de gerenciamento ou o desenvolvimento da atividade.<\/p>\n<h4>DIREITOS DO INTERESSADO<\/h4>\n<p>A parte interessada pode exercer os seguintes direitos:<\/p>\n<ul>\n<li>Direito de solicitar acesso aos seus dados pessoais.<\/li>\n<li>Direito de solicitar retifica\u00e7\u00e3o ou exclus\u00e3o.<\/li>\n<li>Direito de solicitar a limita\u00e7\u00e3o do seu tratamento.<\/li>\n<li>Direito de se opor ao tratamento.<\/li>\n<li>Direito \u00e0 portabilidade de dados.<\/li>\n<li>Direito de retirar o consentimento dado.<\/li>\n<\/ul>\n<p>Qualquer pessoa tem o direito de obter confirma\u00e7\u00e3o sobre o fato de estarmos ou n\u00e3o processando informa\u00e7\u00f5es pessoais sobre eles na Entidade. As pessoas interessadas t\u00eam o direito de acessar seus dados pessoais, bem como solicitar a retifica\u00e7\u00e3o de dados imprecisos ou, quando apropriado, solicitar sua exclus\u00e3o quando, entre outras raz\u00f5es, os dados n\u00e3o s\u00e3o mais necess\u00e1rios para os prop\u00f3sitos que foram coletados.<\/p>\n<p>Em determinadas circunst\u00e2ncias, as partes interessadas podem solicitar a limita\u00e7\u00e3o do processamento de seus dados, caso em que apenas os manteremos para o exerc\u00edcio ou a defesa de reivindica\u00e7\u00f5es. Em determinadas circunst\u00e2ncias e por raz\u00f5es relacionadas \u00e0 sua situa\u00e7\u00e3o particular, as partes interessadas podem objetar ao processamento de seus dados. Nesse caso, a entidade interromper\u00e1 o processamento dos dados, exceto por motivos leg\u00edtimos convincentes ou pelo exerc\u00edcio ou defesa de poss\u00edveis reivindica\u00e7\u00f5es.<\/p>\n<p>Se voc\u00ea deu seu consentimento para um prop\u00f3sito espec\u00edfico, voc\u00ea tem o direito de retirar o consentimento concedido a qualquer momento, sem afetar a legalidade do tratamento com base no consentimento antes de sua retirada. Para isso, voc\u00ea pode usar os formul\u00e1rios fornecidos pela empresa, ou escrever uma carta para Consultoria Inform\u00e1tica JAM, SL, C\/ Silvestre d&#8217;Edeta, 16 Bajo, 46160 Lliria (Valencia), voc\u00ea tamb\u00e9m pode enviar um email para: rgpd@ cijam.com.<\/p>\n<p>Caso sinta que seus direitos est\u00e3o violados em rela\u00e7\u00e3o \u00e0 prote\u00e7\u00e3o de seus dados pessoais, especialmente quando voc\u00ea n\u00e3o obteve satisfa\u00e7\u00e3o no exerc\u00edcio de seus direitos, voc\u00ea pode enviar uma reivindica\u00e7\u00e3o \u00e0 Autoridade de Controle de Prote\u00e7\u00e3o de Dados competente atrav\u00e9s de de seu site: www.agpd.es.<\/p>\n<p>Em conformidade com o disposto no artigo 21 da Lei 34\/2002 sobre os servi\u00e7os da sociedade da informa\u00e7\u00e3o e com\u00e9rcio eletr\u00f4nico, se voc\u00ea n\u00e3o deseja receber mais informa\u00e7\u00f5es sobre nossos servi\u00e7os, voc\u00ea pode cancelar a inscri\u00e7\u00e3o no seguinte endere\u00e7o de e-mail: a entidade, indicando no assunto &#8220;N\u00e3o enviar e-mails&#8221;.<\/p>\n<h4>ORIGEM DOS DADOS PESSOAIS<\/h4>\n<p>Os dados pessoais que tratamos na Consultor\u00eda Inform\u00e1tica JAM, S.L. vem diretamente de voc\u00ea:<\/p>\n<p>As categorias de dados tratados s\u00e3o:<\/p>\n<ul>\n<li>Dados de identidade<\/li>\n<li>Caracter\u00edsticas pessoais<\/li>\n<li>Circunst\u00e2ncias Sociais<\/li>\n<li>Acad\u00eamicos e Profissionais<\/li>\n<li>Detalhes de emprego<\/li>\n<li>Informa\u00e7\u00e3o comercial<\/li>\n<li>Endere\u00e7os postais ou eletr\u00f4nicos<\/li>\n<li>Dados Econ\u00f4mico-Financeiros<\/li>\n<\/ul>\n<p>Dados especialmente protegidos n\u00e3o s\u00e3o processados.<\/p>\n<h4>VERIFICA\u00c7\u00c3O DO CONSENTIMENTO DE DADOS PESSOAIS<\/h4>\n<p>A parte interessada d\u00e1 o consentimento ao CIJAM para que os seus dados pessoais possam ser utilizados para os seguintes fins:<\/p>\n<ul>\n<li>Rela\u00e7\u00e3o Contratual<\/li>\n<li>Informa\u00e7\u00e3o comercial<\/li>\n<li>Comunica\u00e7\u00e3o comercial<\/li>\n<li>Consultoria e desenvolvimento de todos os tipos de programas de computador<\/li>\n<li>Treinamento<\/li>\n<li>Presta\u00e7\u00e3o de servi\u00e7os relacionados \u00e0 tecnologia da informa\u00e7\u00e3o<\/li>\n<li>Servi\u00e7os de c\u00f3pias on-line<\/li>\n<li>Registro de dom\u00ednios e servi\u00e7os de manuten\u00e7\u00e3o<\/li>\n<li>Gest\u00e3o administrativa<\/li>\n<\/ul>\n","protected":false},"excerpt":{"rendered":"<p>Em conformidade com o Regulamento (UE) 2016\/679, do Parlamento Europeu e do Conselho, de 27 de abril de 2016 (doravante denominado RGPD), Consultor\u00eda Inform\u00e1tica JAM, S.L. (doravante CIJAM) destaca a presente Pol\u00edtica sobre o tratamento e prote\u00e7\u00e3o de dados pessoais. DADOS DO RESPONS\u00c1VEL DO TRATAMENTO Neg\u00f3cio: Consultor\u00eda Inform\u00e1tica JAM, S.L. NIF: B97553622 Endere\u00e7o: C\/ Silvestre [&hellip;]<\/p>\n","protected":false},"author":32,"featured_media":1278,"parent":0,"menu_order":0,"comment_status":"closed","ping_status":"closed","template":"","meta":{"_et_pb_use_builder":"","_et_pb_old_content":"","_et_gb_content_width":"","footnotes":""},"class_list":["post-3406","page","type-page","status-publish","has-post-thumbnail","hentry"],"_links":{"self":[{"href":"https:\/\/cijam.com\/pt-pt\/wp-json\/wp\/v2\/pages\/3406","targetHints":{"allow":["GET"]}}],"collection":[{"href":"https:\/\/cijam.com\/pt-pt\/wp-json\/wp\/v2\/pages"}],"about":[{"href":"https:\/\/cijam.com\/pt-pt\/wp-json\/wp\/v2\/types\/page"}],"author":[{"embeddable":true,"href":"https:\/\/cijam.com\/pt-pt\/wp-json\/wp\/v2\/users\/32"}],"replies":[{"embeddable":true,"href":"https:\/\/cijam.com\/pt-pt\/wp-json\/wp\/v2\/comments?post=3406"}],"version-history":[{"count":4,"href":"https:\/\/cijam.com\/pt-pt\/wp-json\/wp\/v2\/pages\/3406\/revisions"}],"predecessor-version":[{"id":5283,"href":"https:\/\/cijam.com\/pt-pt\/wp-json\/wp\/v2\/pages\/3406\/revisions\/5283"}],"wp:featuredmedia":[{"embeddable":true,"href":"https:\/\/cijam.com\/pt-pt\/wp-json\/wp\/v2\/media\/1278"}],"wp:attachment":[{"href":"https:\/\/cijam.com\/pt-pt\/wp-json\/wp\/v2\/media?parent=3406"}],"curies":[{"name":"wp","href":"https:\/\/api.w.org\/{rel}","templated":true}]}}