{"id":4264,"date":"2023-07-03T20:02:16","date_gmt":"2023-07-03T18:02:16","guid":{"rendered":"https:\/\/cijam.com\/?page_id=4264"},"modified":"2023-07-06T19:59:06","modified_gmt":"2023-07-06T17:59:06","slug":"cijam-gestion-de-ventas-gvc","status":"publish","type":"page","link":"https:\/\/cijam.com\/pt-pt\/cijam-carnicas\/cijam-gestion-de-ventas-gvc\/","title":{"rendered":"CIJAM Gest\u00e3o de Ventas (GVc)"},"content":{"rendered":"[et_pb_section fb_built=&#8221;1&#8243; _builder_version=&#8221;4.21.0&#8243; _module_preset=&#8221;default&#8221; background_color=&#8221;#383838&#8243; custom_padding=&#8221;0px||0px||false|false&#8221; global_colors_info=&#8221;{}&#8221;][et_pb_row _builder_version=&#8221;4.21.0&#8243; _module_preset=&#8221;default&#8221; global_colors_info=&#8221;{}&#8221;][et_pb_column type=&#8221;4_4&#8243; _builder_version=&#8221;4.21.0&#8243; _module_preset=&#8221;default&#8221; global_colors_info=&#8221;{}&#8221;][et_pb_image src=&#8221;https:\/\/cijam.com\/wp-content\/uploads\/2023\/06\/ind_carnica.jpg&#8221; title_text=&#8221;ind_carnica&#8221; _builder_version=&#8221;4.21.0&#8243; _module_preset=&#8221;default&#8221; global_colors_info=&#8221;{}&#8221;][\/et_pb_image][\/et_pb_column][\/et_pb_row][\/et_pb_section][et_pb_section fb_built=&#8221;1&#8243; _builder_version=&#8221;4.21.0&#8243; custom_padding=&#8221;5px||9px|||&#8221; global_colors_info=&#8221;{}&#8221;][et_pb_row column_structure=&#8221;3_4,1_4&#8243; _builder_version=&#8221;4.21.0&#8243; _module_preset=&#8221;default&#8221; custom_margin=&#8221;|auto|10px|auto||&#8221; custom_padding=&#8221;||23px|||&#8221; global_colors_info=&#8221;{}&#8221;][et_pb_column type=&#8221;3_4&#8243; _builder_version=&#8221;4.21.0&#8243; _module_preset=&#8221;default&#8221; global_colors_info=&#8221;{}&#8221;][et_pb_text _builder_version=&#8221;4.21.0&#8243; _module_preset=&#8221;default&#8221; text_text_color=&#8221;#ad1917&#8243; header_text_color=&#8221;#ad1917&#8243; hover_enabled=&#8221;0&#8243; global_colors_info=&#8221;{}&#8221; sticky_enabled=&#8221;0&#8243;]\n<h1>CIJAM Gest\u00e3o de ventas (GVc)<\/h1>\n[\/et_pb_text][et_pb_text admin_label=&#8221;Text&#8221; _builder_version=&#8221;4.21.0&#8243; background_size=&#8221;initial&#8221; background_position=&#8221;top_left&#8221; background_repeat=&#8221;repeat&#8221; hover_enabled=&#8221;0&#8243; global_colors_info=&#8221;{}&#8221; sticky_enabled=&#8221;0&#8243;]\n<p><strong>CIJAM Gest\u00e3o de Ventas TPV<\/strong> \u00e9 uma solu\u00e7\u00e3o t\u00e1ctil pensada para o ponto de venda e esta totalemnte integrada com os principais ERP, possibilitando uma completa gest\u00e3o sobre as vendas e stock dos artigos.<\/p>\n<p>Assim que CIJAM Gest\u00e3o de Vendas TPV cria no ERP os movimentos do stock, registo de notas, docuemntos, gest\u00e3o de carteira\u2026 de uma maneira transparente e r\u00e1pida para o utilizador, pois se executa em quest\u00e3o se segundos.<\/p>\n<p>As funcionalidade desse m\u00f3dulo s\u00e3o:<\/p>\n<ul>\n<li>Solu\u00e7\u00e3o t\u00e1ctil e r\u00e1pida<\/li>\n<li>Possibilidade de trabalhar com multi-empresas<\/li>\n<li>Configura\u00e7\u00e3o do cliente standard a ser utilizado nos tickets<\/li>\n<li>Possibilidade de designar pontos de fidelidade na ficha do cliente<\/li>\n<li>Possibilidade de configurar tarifas de pre\u00e7os por lojas<\/li>\n<li>Ambiente de trabalho simples de utilizar e interface clara para o utilizador<\/li>\n<li>Plataforma Windows \u2013 SQL<\/li>\n<\/ul>\n<p>&nbsp;<\/p>\n<h2>Download do datasheet en PDF<\/h2>\n<div class='w3eden'><!-- WPDM Link Template: Default Template -->\n\n<div class=\"link-template-default card mb-2\">\n    <div class=\"card-body\">\n        <div class=\"media\">\n            <div class=\"mr-3 img-48\"><img decoding=\"async\" class=\"wpdm_icon\" alt=\"Icon\"   src=\"https:\/\/cijam.com\/wp-content\/plugins\/download-manager\/assets\/file-type-icons\/pdf.png\" \/><\/div>\n            <div class=\"media-body\">\n                <h3 class=\"package-title\"><a href='https:\/\/cijam.com\/pt-pt\/download\/cijam-carnica-gesventas\/'>Folheto CIJAM Gest\u00e3o de Vendas TPV<\/a><\/h3>\n                <div class=\"text-muted text-small\"><i class=\"fas fa-copy\"><\/i> 1 file(s) <i class=\"fas fa-hdd ml-3\"><\/i> 228.65 KB<\/div>\n            <\/div>\n            <div class=\"ml-3\">\n                <a class='wpdm-download-link download-on-click btn btn-primary ' rel='nofollow' href='#' data-downloadurl=\"https:\/\/cijam.com\/pt-pt\/download\/cijam-carnica-gesventas\/?wpdmdl=2406&refresh=69e88ed1e45aa1776848593\">Download<\/a>\n            <\/div>\n        <\/div>\n    <\/div>\n<\/div>\n\n<\/div>\n[\/et_pb_text][\/et_pb_column][et_pb_column type=&#8221;1_4&#8243; _builder_version=&#8221;4.21.0&#8243; _module_preset=&#8221;default&#8221; custom_padding=&#8221;|||25px|false|false&#8221; border_width_left=&#8221;4px&#8221; border_color_left=&#8221;#941a18&#8243; global_colors_info=&#8221;{}&#8221;]\n[et_pb_sidebar area=&#8221;et_pb_widget_area_1&#8243; _builder_version=&#8221;4.21.0&#8243; _module_preset=&#8221;default&#8221; header_font_size=&#8221;23px&#8221; body_font_size=&#8221;14px&#8221; body_line_height=&#8221;2em&#8221; global_colors_info=&#8221;{}&#8221;][\/et_pb_sidebar]\n[\/et_pb_column][\/et_pb_row][\/et_pb_section][et_pb_section fb_built=&#8221;1&#8243; admin_label=&#8221;section&#8221; _builder_version=&#8221;4.16&#8243; global_colors_info=&#8221;{}&#8221;][\/et_pb_section]\n","protected":false},"excerpt":{"rendered":"<p>CIJAM Gest\u00e3o de ventas (GVc)CIJAM Gest\u00e3o de Ventas TPV \u00e9 uma solu\u00e7\u00e3o t\u00e1ctil pensada para o ponto de venda e esta totalemnte integrada com os principais ERP, possibilitando uma completa gest\u00e3o sobre as vendas e stock dos artigos. Assim que CIJAM Gest\u00e3o de Vendas TPV cria no ERP os movimentos do stock, registo de notas, [&hellip;]<\/p>\n","protected":false},"author":1,"featured_media":893,"parent":4302,"menu_order":0,"comment_status":"closed","ping_status":"closed","template":"","meta":{"_et_pb_use_builder":"on","_et_pb_old_content":"","_et_gb_content_width":"","footnotes":""},"class_list":["post-4264","page","type-page","status-publish","has-post-thumbnail","hentry"],"_links":{"self":[{"href":"https:\/\/cijam.com\/pt-pt\/wp-json\/wp\/v2\/pages\/4264","targetHints":{"allow":["GET"]}}],"collection":[{"href":"https:\/\/cijam.com\/pt-pt\/wp-json\/wp\/v2\/pages"}],"about":[{"href":"https:\/\/cijam.com\/pt-pt\/wp-json\/wp\/v2\/types\/page"}],"author":[{"embeddable":true,"href":"https:\/\/cijam.com\/pt-pt\/wp-json\/wp\/v2\/users\/1"}],"replies":[{"embeddable":true,"href":"https:\/\/cijam.com\/pt-pt\/wp-json\/wp\/v2\/comments?post=4264"}],"version-history":[{"count":10,"href":"https:\/\/cijam.com\/pt-pt\/wp-json\/wp\/v2\/pages\/4264\/revisions"}],"predecessor-version":[{"id":4583,"href":"https:\/\/cijam.com\/pt-pt\/wp-json\/wp\/v2\/pages\/4264\/revisions\/4583"}],"up":[{"embeddable":true,"href":"https:\/\/cijam.com\/pt-pt\/wp-json\/wp\/v2\/pages\/4302"}],"wp:featuredmedia":[{"embeddable":true,"href":"https:\/\/cijam.com\/pt-pt\/wp-json\/wp\/v2\/media\/893"}],"wp:attachment":[{"href":"https:\/\/cijam.com\/pt-pt\/wp-json\/wp\/v2\/media?parent=4264"}],"curies":[{"name":"wp","href":"https:\/\/api.w.org\/{rel}","templated":true}]}}