{"id":4268,"date":"2023-07-03T20:03:22","date_gmt":"2023-07-03T18:03:22","guid":{"rendered":"https:\/\/cijam.com\/?page_id=4268"},"modified":"2023-07-06T19:53:45","modified_gmt":"2023-07-06T17:53:45","slug":"cijam-basculas-bsc","status":"publish","type":"page","link":"https:\/\/cijam.com\/pt-pt\/cijam-carnicas\/cijam-basculas-bsc\/","title":{"rendered":"CIJAM Balan\u00e7as (BSc)"},"content":{"rendered":"[et_pb_section fb_built=&#8221;1&#8243; _builder_version=&#8221;4.21.0&#8243; _module_preset=&#8221;default&#8221; background_color=&#8221;#383838&#8243; custom_padding=&#8221;0px||0px||false|false&#8221; global_colors_info=&#8221;{}&#8221;][et_pb_row _builder_version=&#8221;4.21.0&#8243; _module_preset=&#8221;default&#8221; global_colors_info=&#8221;{}&#8221;][et_pb_column type=&#8221;4_4&#8243; _builder_version=&#8221;4.21.0&#8243; _module_preset=&#8221;default&#8221; global_colors_info=&#8221;{}&#8221;][et_pb_image src=&#8221;https:\/\/cijam.com\/wp-content\/uploads\/2023\/06\/ind_carnica.jpg&#8221; title_text=&#8221;ind_carnica&#8221; _builder_version=&#8221;4.21.0&#8243; _module_preset=&#8221;default&#8221; global_colors_info=&#8221;{}&#8221;][\/et_pb_image][\/et_pb_column][\/et_pb_row][\/et_pb_section][et_pb_section fb_built=&#8221;1&#8243; _builder_version=&#8221;4.21.0&#8243; custom_padding=&#8221;5px||9px|||&#8221; global_colors_info=&#8221;{}&#8221;][et_pb_row column_structure=&#8221;3_4,1_4&#8243; _builder_version=&#8221;4.21.0&#8243; _module_preset=&#8221;default&#8221; custom_margin=&#8221;|auto|10px|auto||&#8221; custom_padding=&#8221;||23px|||&#8221; global_colors_info=&#8221;{}&#8221;][et_pb_column type=&#8221;3_4&#8243; _builder_version=&#8221;4.21.0&#8243; _module_preset=&#8221;default&#8221; global_colors_info=&#8221;{}&#8221;][et_pb_text _builder_version=&#8221;4.21.0&#8243; _module_preset=&#8221;default&#8221; text_text_color=&#8221;#ad1917&#8243; header_text_color=&#8221;#ad1917&#8243; global_colors_info=&#8221;{}&#8221;]\n<h1>CIJAM Balan\u00e7as (BSc)<\/h1>\n[\/et_pb_text][et_pb_text admin_label=&#8221;Text&#8221; _builder_version=&#8221;4.21.0&#8243; background_size=&#8221;initial&#8221; background_position=&#8221;top_left&#8221; background_repeat=&#8221;repeat&#8221; hover_enabled=&#8221;0&#8243; global_colors_info=&#8221;{}&#8221; sticky_enabled=&#8221;0&#8243;]\n<p>A finalidade do m\u00f3dulo CIJAM BSc \u00e9 controlar automaticamente as entradas e sa\u00eddas dos ve\u00edculos pesados pela balan\u00e7a de cami\u00f5es, facilitando a pesagem ao transportador e aos utilizadores do sistema.<\/p>\n<p>Esta totalmente unido \u00e0 balan\u00e7a de pesagem e ao ERP, criando automaticamente as guias de remessa de compra e venda, al\u00e9m das guias de transportes correspondentes.<\/p>\n<p>Dessa maneira, a introdu\u00e7\u00e3o da informa\u00e7\u00e3o se faz apenas uma vez e se reduzem as possibilidades de erros.<\/p>\n<p><a href=\"https:\/\/cijam.com\/wp-content\/uploads\/2023\/06\/basculas1.jpg\"><img loading=\"lazy\" decoding=\"async\" src=\"https:\/\/cijam.com\/wp-content\/uploads\/2023\/06\/basculas1.jpg\" width=\"639\" height=\"592\" alt=\"\" class=\"wp-image-4154 alignnone size-full\" srcset=\"https:\/\/cijam.com\/wp-content\/uploads\/2023\/06\/basculas1.jpg 639w, https:\/\/cijam.com\/wp-content\/uploads\/2023\/06\/basculas1-480x445.jpg 480w\" sizes=\"(min-width: 0px) and (max-width: 480px) 480px, (min-width: 481px) 639px, 100vw\" \/><\/a><\/p>\n<p>&nbsp;<\/p>\n<h2>Download do datasheet en PDF<\/h2>\n<div class='w3eden'><!-- WPDM Link Template: Default Template -->\n\n<div class=\"link-template-default card mb-2\">\n    <div class=\"card-body\">\n        <div class=\"media\">\n            <div class=\"mr-3 img-48\"><img decoding=\"async\" class=\"wpdm_icon\" alt=\"Icon\"   src=\"https:\/\/cijam.com\/wp-content\/plugins\/download-manager\/assets\/file-type-icons\/pdf.png\" \/><\/div>\n            <div class=\"media-body\">\n                <h3 class=\"package-title\"><a href='https:\/\/cijam.com\/pt-pt\/download\/cijam-basculas-bsc\/'>Folheto CIJAM Carnes - Balan\u00e7as<\/a><\/h3>\n                <div class=\"text-muted text-small\"><i class=\"fas fa-copy\"><\/i> 1 file(s) <i class=\"fas fa-hdd ml-3\"><\/i> 346.68 KB<\/div>\n            <\/div>\n            <div class=\"ml-3\">\n                <a class='wpdm-download-link download-on-click btn btn-primary ' rel='nofollow' href='#' data-downloadurl=\"https:\/\/cijam.com\/pt-pt\/download\/cijam-basculas-bsc\/?wpdmdl=2435&refresh=69e88ed0eaae71776848592\">Download<\/a>\n            <\/div>\n        <\/div>\n    <\/div>\n<\/div>\n\n<\/div>\n[\/et_pb_text][\/et_pb_column][et_pb_column type=&#8221;1_4&#8243; _builder_version=&#8221;4.21.0&#8243; _module_preset=&#8221;default&#8221; custom_padding=&#8221;|||25px|false|false&#8221; border_width_left=&#8221;4px&#8221; border_color_left=&#8221;#941a18&#8243; global_colors_info=&#8221;{}&#8221;][et_pb_sidebar area=&#8221;et_pb_widget_area_1&#8243; _builder_version=&#8221;4.21.0&#8243; _module_preset=&#8221;default&#8221; header_font_size=&#8221;23px&#8221; body_font_size=&#8221;14px&#8221; body_line_height=&#8221;2em&#8221; global_colors_info=&#8221;{}&#8221;][\/et_pb_sidebar][\/et_pb_column][\/et_pb_row][\/et_pb_section]\n","protected":false},"excerpt":{"rendered":"<p>CIJAM Balan\u00e7as (BSc)A finalidade do m\u00f3dulo CIJAM BSc \u00e9 controlar automaticamente as entradas e sa\u00eddas dos ve\u00edculos pesados pela balan\u00e7a de cami\u00f5es, facilitando a pesagem ao transportador e aos utilizadores do sistema. Esta totalmente unido \u00e0 balan\u00e7a de pesagem e ao ERP, criando automaticamente as guias de remessa de compra e venda, al\u00e9m das guias [&hellip;]<\/p>\n","protected":false},"author":1,"featured_media":874,"parent":4302,"menu_order":100,"comment_status":"closed","ping_status":"closed","template":"","meta":{"_et_pb_use_builder":"on","_et_pb_old_content":"","_et_gb_content_width":"","footnotes":""},"class_list":["post-4268","page","type-page","status-publish","has-post-thumbnail","hentry"],"_links":{"self":[{"href":"https:\/\/cijam.com\/pt-pt\/wp-json\/wp\/v2\/pages\/4268","targetHints":{"allow":["GET"]}}],"collection":[{"href":"https:\/\/cijam.com\/pt-pt\/wp-json\/wp\/v2\/pages"}],"about":[{"href":"https:\/\/cijam.com\/pt-pt\/wp-json\/wp\/v2\/types\/page"}],"author":[{"embeddable":true,"href":"https:\/\/cijam.com\/pt-pt\/wp-json\/wp\/v2\/users\/1"}],"replies":[{"embeddable":true,"href":"https:\/\/cijam.com\/pt-pt\/wp-json\/wp\/v2\/comments?post=4268"}],"version-history":[{"count":7,"href":"https:\/\/cijam.com\/pt-pt\/wp-json\/wp\/v2\/pages\/4268\/revisions"}],"predecessor-version":[{"id":4574,"href":"https:\/\/cijam.com\/pt-pt\/wp-json\/wp\/v2\/pages\/4268\/revisions\/4574"}],"up":[{"embeddable":true,"href":"https:\/\/cijam.com\/pt-pt\/wp-json\/wp\/v2\/pages\/4302"}],"wp:featuredmedia":[{"embeddable":true,"href":"https:\/\/cijam.com\/pt-pt\/wp-json\/wp\/v2\/media\/874"}],"wp:attachment":[{"href":"https:\/\/cijam.com\/pt-pt\/wp-json\/wp\/v2\/media?parent=4268"}],"curies":[{"name":"wp","href":"https:\/\/api.w.org\/{rel}","templated":true}]}}