{"id":4363,"date":"2023-07-04T13:35:15","date_gmt":"2023-07-04T11:35:15","guid":{"rendered":"https:\/\/cijam.com\/?page_id=4363"},"modified":"2023-07-06T19:44:12","modified_gmt":"2023-07-06T17:44:12","slug":"cijam-basculas-bsa","status":"publish","type":"page","link":"https:\/\/cijam.com\/pt-pt\/cijam-agroalimentaria\/cijam-basculas-bsa\/","title":{"rendered":"CIJAM Balan\u00e7as (BSa)"},"content":{"rendered":"[et_pb_section fb_built=&#8221;1&#8243; _builder_version=&#8221;4.21.0&#8243; _module_preset=&#8221;default&#8221; background_color=&#8221;#383838&#8243; custom_padding=&#8221;0px||0px||false|false&#8221; global_colors_info=&#8221;{}&#8221;][et_pb_row _builder_version=&#8221;4.21.0&#8243; _module_preset=&#8221;default&#8221; global_colors_info=&#8221;{}&#8221;][et_pb_column type=&#8221;4_4&#8243; _builder_version=&#8221;4.21.0&#8243; _module_preset=&#8221;default&#8221; global_colors_info=&#8221;{}&#8221;][et_pb_image src=&#8221;https:\/\/cijam.com\/wp-content\/uploads\/2023\/06\/bascula_a-1024&#215;350-1.jpg&#8221; title_text=&#8221;bascula_a-1024&#215;350&#8243; _builder_version=&#8221;4.21.0&#8243; _module_preset=&#8221;default&#8221; custom_padding=&#8221;61px|||||&#8221; global_colors_info=&#8221;{}&#8221;][\/et_pb_image][\/et_pb_column][\/et_pb_row][\/et_pb_section][et_pb_section fb_built=&#8221;1&#8243; _builder_version=&#8221;4.21.0&#8243; custom_padding=&#8221;5px||9px|||&#8221; global_colors_info=&#8221;{}&#8221;][et_pb_row column_structure=&#8221;3_4,1_4&#8243; _builder_version=&#8221;4.21.0&#8243; _module_preset=&#8221;default&#8221; custom_margin=&#8221;|auto|10px|auto||&#8221; custom_padding=&#8221;||23px|||&#8221; hover_enabled=&#8221;0&#8243; global_colors_info=&#8221;{}&#8221; sticky_enabled=&#8221;0&#8243;][et_pb_column type=&#8221;3_4&#8243; _builder_version=&#8221;4.21.0&#8243; _module_preset=&#8221;default&#8221; global_colors_info=&#8221;{}&#8221;][et_pb_text _builder_version=&#8221;4.21.0&#8243; _module_preset=&#8221;default&#8221; text_text_color=&#8221;#ad1917&#8243; header_text_color=&#8221;#ad1917&#8243; global_colors_info=&#8221;{}&#8221;]\n<h1>CIJAM Balan\u00e7as (BSa)<\/h1>\n[\/et_pb_text][et_pb_text admin_label=&#8221;Text&#8221; _builder_version=&#8221;4.21.0&#8243; background_size=&#8221;initial&#8221; background_position=&#8221;top_left&#8221; background_repeat=&#8221;repeat&#8221; hover_enabled=&#8221;0&#8243; global_colors_info=&#8221;{}&#8221; sticky_enabled=&#8221;0&#8243;]<span style=\"font-size: 14px;\">O m\u00f3dulo <\/span><strong style=\"font-size: 14px;\">CIJAM B\u00e1sculas<\/strong><span style=\"font-size: 14px;\"> tem como objetivo controlar as entradas e sa\u00eddas de ve\u00edculos pesados nas balan\u00e7as de cami\u00f5es de forma autom\u00e1tica, facilitando a opera\u00e7\u00e3o de pesagem ao transportador e aos operadores do sistema.<\/span><\/p>\n<p>Est\u00e1 totalmente interligado com a balan\u00e7a de pesagem de ve\u00edculos e com o ERP, pelo que gera automaticamente as respectivas notas de compra ou venda e de entrega de transporte.<\/p>\n<p>Desta forma, a informa\u00e7\u00e3o \u00e9 introduzida apenas uma vez e a margem de erro \u00e9 reduzida.[\/et_pb_text][et_pb_image src=&#8221;https:\/\/cijam.com\/wp-content\/uploads\/2023\/06\/basculas.jpg&#8221; _builder_version=&#8221;4.21.0&#8243; _module_preset=&#8221;default&#8221; title_text=&#8221;basculas&#8221; hover_enabled=&#8221;0&#8243; sticky_enabled=&#8221;0&#8243;][\/et_pb_image][et_pb_text _builder_version=&#8221;4.21.0&#8243; _module_preset=&#8221;default&#8221; hover_enabled=&#8221;0&#8243; sticky_enabled=&#8221;0&#8243;]\n<h2>Download do datasheet en PDF<\/h2>\n<p>&nbsp;<\/p>\n<div class=\"wp-block-file\"><object class=\"wp-block-file__embed\" data=\"https:\/\/cijam.com\/wp-content\/uploads\/2023\/07\/CIJAM-AGRO-Balancas-v1.pdf\" type=\"application\/pdf\" style=\"width: 100%; height: 600px;\" aria-label=\"FOLLETO_BASCULAS_AGRO_2016_V2\"><\/object><a id=\"wp-block-file--media-b3119661-00f6-4a7b-b43b-d6196969b2f4\" href=\"https:\/\/cijam.com\/wp-content\/uploads\/2023\/07\/CIJAM-AGRO-Balancas-v1.pdf\">FOLLETO_BASCULAS_AGRO_2016_V2<\/a><a href=\"https:\/\/cijam.com\/wp-content\/uploads\/2023\/06\/FOLLETO_BASCULAS_AGRO_2016_V2.pdf\" class=\"wp-block-file__button wp-element-button\" download=\"\" aria-describedby=\"wp-block-file--media-b3119661-00f6-4a7b-b43b-d6196969b2f4\">Descarga<\/a><\/div>\n<p>&nbsp;[\/et_pb_text][\/et_pb_column][et_pb_column type=&#8221;1_4&#8243; _builder_version=&#8221;4.21.0&#8243; _module_preset=&#8221;default&#8221; custom_padding=&#8221;|||25px|false|false&#8221; border_width_left=&#8221;4px&#8221; border_color_left=&#8221;#941a18&#8243; global_colors_info=&#8221;{}&#8221;][et_pb_sidebar area=&#8221;et_pb_widget_area_2&#8243; _builder_version=&#8221;4.21.0&#8243; _module_preset=&#8221;default&#8221; header_font_size=&#8221;23px&#8221; body_font_size=&#8221;14px&#8221; body_line_height=&#8221;2em&#8221; global_colors_info=&#8221;{}&#8221;][\/et_pb_sidebar][\/et_pb_column][\/et_pb_row][\/et_pb_section]\n","protected":false},"excerpt":{"rendered":"<p>CIJAM Balan\u00e7as (BSa)O m\u00f3dulo CIJAM B\u00e1sculas tem como objetivo controlar as entradas e sa\u00eddas de ve\u00edculos pesados nas balan\u00e7as de cami\u00f5es de forma autom\u00e1tica, facilitando a opera\u00e7\u00e3o de pesagem ao transportador e aos operadores do sistema. Est\u00e1 totalmente interligado com a balan\u00e7a de pesagem de ve\u00edculos e com o ERP, pelo que gera automaticamente as [&hellip;]<\/p>\n","protected":false},"author":1,"featured_media":3871,"parent":4361,"menu_order":0,"comment_status":"open","ping_status":"closed","template":"","meta":{"_et_pb_use_builder":"on","_et_pb_old_content":"","_et_gb_content_width":"","footnotes":""},"class_list":["post-4363","page","type-page","status-publish","has-post-thumbnail","hentry"],"_links":{"self":[{"href":"https:\/\/cijam.com\/pt-pt\/wp-json\/wp\/v2\/pages\/4363","targetHints":{"allow":["GET"]}}],"collection":[{"href":"https:\/\/cijam.com\/pt-pt\/wp-json\/wp\/v2\/pages"}],"about":[{"href":"https:\/\/cijam.com\/pt-pt\/wp-json\/wp\/v2\/types\/page"}],"author":[{"embeddable":true,"href":"https:\/\/cijam.com\/pt-pt\/wp-json\/wp\/v2\/users\/1"}],"replies":[{"embeddable":true,"href":"https:\/\/cijam.com\/pt-pt\/wp-json\/wp\/v2\/comments?post=4363"}],"version-history":[{"count":7,"href":"https:\/\/cijam.com\/pt-pt\/wp-json\/wp\/v2\/pages\/4363\/revisions"}],"predecessor-version":[{"id":4560,"href":"https:\/\/cijam.com\/pt-pt\/wp-json\/wp\/v2\/pages\/4363\/revisions\/4560"}],"up":[{"embeddable":true,"href":"https:\/\/cijam.com\/pt-pt\/wp-json\/wp\/v2\/pages\/4361"}],"wp:featuredmedia":[{"embeddable":true,"href":"https:\/\/cijam.com\/pt-pt\/wp-json\/wp\/v2\/media\/3871"}],"wp:attachment":[{"href":"https:\/\/cijam.com\/pt-pt\/wp-json\/wp\/v2\/media?parent=4363"}],"curies":[{"name":"wp","href":"https:\/\/api.w.org\/{rel}","templated":true}]}}