{"id":4369,"date":"2023-07-04T13:36:20","date_gmt":"2023-07-04T11:36:20","guid":{"rendered":"https:\/\/cijam.com\/?page_id=4369"},"modified":"2023-07-06T19:27:09","modified_gmt":"2023-07-06T17:27:09","slug":"cijam-trazabilidad-tza","status":"publish","type":"page","link":"https:\/\/cijam.com\/pt-pt\/cijam-agroalimentaria\/cijam-trazabilidad-tza\/","title":{"rendered":"CIJAM Rastreabilidade (TZa)"},"content":{"rendered":"[et_pb_section fb_built=&#8221;1&#8243; _builder_version=&#8221;4.21.0&#8243; _module_preset=&#8221;default&#8221; background_color=&#8221;#383838&#8243; custom_padding=&#8221;0px||0px||false|false&#8221; global_colors_info=&#8221;{}&#8221;][et_pb_row _builder_version=&#8221;4.21.0&#8243; _module_preset=&#8221;default&#8221; global_colors_info=&#8221;{}&#8221;][et_pb_column type=&#8221;4_4&#8243; _builder_version=&#8221;4.21.0&#8243; _module_preset=&#8221;default&#8221; global_colors_info=&#8221;{}&#8221;][et_pb_image src=&#8221;https:\/\/cijam.com\/wp-content\/uploads\/2023\/06\/logistica_a-1024&#215;350-1.jpg&#8221; title_text=&#8221;logistica_a-1024&#215;350&#8243; _builder_version=&#8221;4.21.0&#8243; _module_preset=&#8221;default&#8221; custom_padding=&#8221;33px|||||&#8221; hover_enabled=&#8221;0&#8243; global_colors_info=&#8221;{}&#8221; sticky_enabled=&#8221;0&#8243;][\/et_pb_image][\/et_pb_column][\/et_pb_row][\/et_pb_section][et_pb_section fb_built=&#8221;1&#8243; _builder_version=&#8221;4.21.0&#8243; custom_padding=&#8221;5px||9px|||&#8221; global_colors_info=&#8221;{}&#8221;][et_pb_row column_structure=&#8221;3_4,1_4&#8243; _builder_version=&#8221;4.21.0&#8243; _module_preset=&#8221;default&#8221; custom_margin=&#8221;|auto|10px|auto||&#8221; custom_padding=&#8221;||23px|||&#8221; global_colors_info=&#8221;{}&#8221;][et_pb_column type=&#8221;3_4&#8243; _builder_version=&#8221;4.21.0&#8243; _module_preset=&#8221;default&#8221; global_colors_info=&#8221;{}&#8221;][et_pb_text _builder_version=&#8221;4.21.0&#8243; _module_preset=&#8221;default&#8221; text_text_color=&#8221;#ad1917&#8243; header_text_color=&#8221;#ad1917&#8243; global_colors_info=&#8221;{}&#8221;]\n<h1>CIJAM CIJAM Rastreabilidade (TZa) (TZa)<\/h1>\n[\/et_pb_text][et_pb_text admin_label=&#8221;Text&#8221; _builder_version=&#8221;4.21.0&#8243; background_size=&#8221;initial&#8221; background_position=&#8221;top_left&#8221; background_repeat=&#8221;repeat&#8221; global_colors_info=&#8221;{}&#8221;]\n<p>O objetivo do m\u00f3dulo de <strong>CIJAM Rastreabilidade<\/strong>\u00a0\u00e9 manter o registo do n\u00famero de s\u00e9rie\/lote no sistema de produ\u00e7\u00e3o da empresa a partir do m\u00f3dulo de transforma\u00e7\u00f5es.<\/p>\n<p>Funcionalidades:<\/p>\n<ul>\n<li>Rastreabilidade para a frente: permite analisar a rastreabilidade dos diferentes produtos que foram derivados de um determinado lote de mat\u00e9ria-prima.<br \/>Neste sentido, aparecem as guias de remessa e facturas derivadas do n\u00famero de s\u00e9rie\/lote.<\/li>\n<li>Rastreabilidade para tr\u00e1s: efectua uma pesquisa de todos os lotes de produtos que integraram um determinado lote de produto transformado.<br \/>Neste sentido, \u00e9 poss\u00edvel visualizar a transforma\u00e7\u00e3o que foi efectuada no produto at\u00e9 ao lote que corresponde \u00e0 entrada de mercadorias.<\/li>\n<\/ul>\n<h2>Download do datasheet en PDF<\/h2>\n<div class='w3eden'><!-- WPDM Link Template: Default Template -->\n\n<div class=\"link-template-default card mb-2\">\n    <div class=\"card-body\">\n        <div class=\"media\">\n            <div class=\"mr-3 img-48\"><img decoding=\"async\" class=\"wpdm_icon\" alt=\"Icon\"   src=\"https:\/\/cijam.com\/wp-content\/plugins\/download-manager\/assets\/file-type-icons\/pdf.png\" \/><\/div>\n            <div class=\"media-body\">\n                <h3 class=\"package-title\"><a href='https:\/\/cijam.com\/pt-pt\/download\/cijam-trazabilidad\/'>Folheto CIJAM Agroalimentar - Rastreabilidade<\/a><\/h3>\n                <div class=\"text-muted text-small\"><i class=\"fas fa-copy\"><\/i> 1 file(s) <i class=\"fas fa-hdd ml-3\"><\/i> 358.86 KB<\/div>\n            <\/div>\n            <div class=\"ml-3\">\n                <a class='wpdm-download-link download-on-click btn btn-primary ' rel='nofollow' href='#' data-downloadurl=\"https:\/\/cijam.com\/pt-pt\/download\/cijam-trazabilidad\/?wpdmdl=2449&refresh=69e88b215140d1776847649\">Download<\/a>\n            <\/div>\n        <\/div>\n    <\/div>\n<\/div>\n\n<\/div>\n[\/et_pb_text][\/et_pb_column][et_pb_column type=&#8221;1_4&#8243; _builder_version=&#8221;4.21.0&#8243; _module_preset=&#8221;default&#8221; custom_padding=&#8221;|||25px|false|false&#8221; border_width_left=&#8221;4px&#8221; border_color_left=&#8221;#941a18&#8243; global_colors_info=&#8221;{}&#8221;][et_pb_sidebar area=&#8221;et_pb_widget_area_2&#8243; _builder_version=&#8221;4.21.0&#8243; _module_preset=&#8221;default&#8221; header_font_size=&#8221;23px&#8221; body_font_size=&#8221;14px&#8221; body_line_height=&#8221;2em&#8221; global_colors_info=&#8221;{}&#8221;][\/et_pb_sidebar][\/et_pb_column][\/et_pb_row][\/et_pb_section]\n","protected":false},"excerpt":{"rendered":"<p>CIJAM CIJAM Rastreabilidade (TZa) (TZa)O objetivo do m\u00f3dulo de CIJAM Rastreabilidade\u00a0\u00e9 manter o registo do n\u00famero de s\u00e9rie\/lote no sistema de produ\u00e7\u00e3o da empresa a partir do m\u00f3dulo de transforma\u00e7\u00f5es. Funcionalidades: Rastreabilidade para a frente: permite analisar a rastreabilidade dos diferentes produtos que foram derivados de um determinado lote de mat\u00e9ria-prima.Neste sentido, aparecem as guias [&hellip;]<\/p>\n","protected":false},"author":1,"featured_media":1458,"parent":4361,"menu_order":450,"comment_status":"open","ping_status":"closed","template":"","meta":{"_et_pb_use_builder":"on","_et_pb_old_content":"","_et_gb_content_width":"","footnotes":""},"class_list":["post-4369","page","type-page","status-publish","has-post-thumbnail","hentry"],"_links":{"self":[{"href":"https:\/\/cijam.com\/pt-pt\/wp-json\/wp\/v2\/pages\/4369","targetHints":{"allow":["GET"]}}],"collection":[{"href":"https:\/\/cijam.com\/pt-pt\/wp-json\/wp\/v2\/pages"}],"about":[{"href":"https:\/\/cijam.com\/pt-pt\/wp-json\/wp\/v2\/types\/page"}],"author":[{"embeddable":true,"href":"https:\/\/cijam.com\/pt-pt\/wp-json\/wp\/v2\/users\/1"}],"replies":[{"embeddable":true,"href":"https:\/\/cijam.com\/pt-pt\/wp-json\/wp\/v2\/comments?post=4369"}],"version-history":[{"count":7,"href":"https:\/\/cijam.com\/pt-pt\/wp-json\/wp\/v2\/pages\/4369\/revisions"}],"predecessor-version":[{"id":4538,"href":"https:\/\/cijam.com\/pt-pt\/wp-json\/wp\/v2\/pages\/4369\/revisions\/4538"}],"up":[{"embeddable":true,"href":"https:\/\/cijam.com\/pt-pt\/wp-json\/wp\/v2\/pages\/4361"}],"wp:featuredmedia":[{"embeddable":true,"href":"https:\/\/cijam.com\/pt-pt\/wp-json\/wp\/v2\/media\/1458"}],"wp:attachment":[{"href":"https:\/\/cijam.com\/pt-pt\/wp-json\/wp\/v2\/media?parent=4369"}],"curies":[{"name":"wp","href":"https:\/\/api.w.org\/{rel}","templated":true}]}}