{"id":4426,"date":"2023-07-05T20:30:17","date_gmt":"2023-07-05T18:30:17","guid":{"rendered":"https:\/\/cijam.com\/?page_id=4426"},"modified":"2023-07-06T19:22:31","modified_gmt":"2023-07-06T17:22:31","slug":"presentacion","status":"publish","type":"page","link":"https:\/\/cijam.com\/pt-pt\/empresa\/presentacion\/","title":{"rendered":"Presentaci\u00f3n"},"content":{"rendered":"[et_pb_section fb_built=&#8221;1&#8243; _builder_version=&#8221;4.21.0&#8243; _module_preset=&#8221;default&#8221; background_color=&#8221;#383838&#8243; custom_padding=&#8221;0px||0px||false|false&#8221; global_colors_info=&#8221;{}&#8221;][et_pb_row _builder_version=&#8221;4.21.0&#8243; _module_preset=&#8221;default&#8221; custom_padding=&#8221;11px|||||&#8221; global_colors_info=&#8221;{}&#8221;][et_pb_column type=&#8221;4_4&#8243; _builder_version=&#8221;4.21.0&#8243; _module_preset=&#8221;default&#8221; global_colors_info=&#8221;{}&#8221;][et_pb_image src=&#8221;https:\/\/cijam.com\/wp-content\/uploads\/2023\/06\/cijam-empresa-1-1024&#215;350-1.jpg&#8221; title_text=&#8221;cijam-empresa-1-1024&#215;350&#8243; _builder_version=&#8221;4.21.0&#8243; _module_preset=&#8221;default&#8221; custom_padding=&#8221;33px|||||&#8221; hover_enabled=&#8221;0&#8243; global_colors_info=&#8221;{}&#8221; sticky_enabled=&#8221;0&#8243;][\/et_pb_image][\/et_pb_column][\/et_pb_row][\/et_pb_section][et_pb_section fb_built=&#8221;1&#8243; _builder_version=&#8221;4.21.0&#8243; custom_padding=&#8221;5px||9px|||&#8221; global_colors_info=&#8221;{}&#8221;][et_pb_row column_structure=&#8221;3_4,1_4&#8243; _builder_version=&#8221;4.21.0&#8243; _module_preset=&#8221;default&#8221; custom_margin=&#8221;|auto|10px|auto||&#8221; custom_padding=&#8221;||23px|||&#8221; global_colors_info=&#8221;{}&#8221;][et_pb_column type=&#8221;3_4&#8243; _builder_version=&#8221;4.21.0&#8243; _module_preset=&#8221;default&#8221; global_colors_info=&#8221;{}&#8221;][et_pb_text _builder_version=&#8221;4.21.0&#8243; _module_preset=&#8221;default&#8221; text_text_color=&#8221;#ad1917&#8243; header_text_color=&#8221;#ad1917&#8243; global_colors_info=&#8221;{}&#8221;]\n<h1>Presentaci\u00f3n<\/h1>\n[\/et_pb_text][et_pb_text admin_label=&#8221;Text&#8221; _builder_version=&#8221;4.16&#8243; background_size=&#8221;initial&#8221; background_position=&#8221;top_left&#8221; background_repeat=&#8221;repeat&#8221; global_colors_info=&#8221;{}&#8221;]\n<p>Nossa miss\u00e3o \u00e9 o desenvolvimento, a implanta\u00e7\u00e3o e a manuten\u00e7\u00e3o de recursos inform\u00e1ticos qualificados para satisfazer as necessidades de cada cliente, atual e potencial, com o objetivo de fideliz\u00e1-lo.<\/p>\n<p>A vis\u00e3o de CIJAM \u00e9 oferecer uma perene excel\u00eancia, modelo de refer\u00eancia profissional e social, assim como incrementar pregressivamente a fun\u00e7\u00e3o I+D+I em sistemas e gest\u00e3o, com fortaleza e sentido da organiza\u00e7\u00e3o.<\/p>\n<p>Nossos valores s\u00e3o:<\/p>\n<p>\u00c9tica empresarial e pessoal (implica\u00e7\u00e3o)<br \/>Orienta\u00e7\u00e3o ao \u00eaxito (resultados)<br \/>Gosto pelo trabalho bem feito (qualidade)<br \/>Simplicidade e efic\u00e1cia (naturalidade)<br \/>Inova\u00e7\u00e3o<\/p>\n<p>Nosso trabalho esta enfocado \u00e0s PME\u2019s, apresentando e desenvolvendo servi\u00e7os inform\u00e1ticos com automatiza\u00e7\u00e3o de processos, com o objetivo principal de evitar erros e economizar em gastos.<\/p>\n<p>CIJAM est\u00e1 entre os principais implantadores e distribuidores a n\u00edvel espanhol de A3ERP, sendo reconhecido como distribuidor \u201cGold\u201d.<\/p>\n<p>Estamos especializados na gest\u00e3o de empresas do setor de carnes, com um avan\u00e7ado software de rastreabilidade.<\/p>\n<p>Al\u00e9m do setor agroalimentar, CIJAM \u00e9 refer\u00eancia na fatura\u00e7\u00e3o eletr\u00f3nica com o sistema EDIGEN.<\/p>\n<p>Dentro do setor inform\u00e1tico tamb\u00e9m prospera gra\u00e7as aos m\u00f3dulos pr\u00f3prios SAT \u2013 Servi\u00e7o de Asist\u00eancia T\u00e9cnica \u2013 e PREVENTIVO, desenvolvido para a gest\u00e3o da manuten\u00e7\u00e3o de maquin\u00e1rias.<\/p>\n[\/et_pb_text][\/et_pb_column][et_pb_column type=&#8221;1_4&#8243; _builder_version=&#8221;4.21.0&#8243; _module_preset=&#8221;default&#8221; custom_padding=&#8221;|||25px|false|false&#8221; border_width_left=&#8221;4px&#8221; border_color_left=&#8221;#941a18&#8243; global_colors_info=&#8221;{}&#8221;][et_pb_sidebar area=&#8221;et_pb_widget_area_5&#8243; _builder_version=&#8221;4.21.0&#8243; _module_preset=&#8221;default&#8221; header_font_size=&#8221;23px&#8221; body_font_size=&#8221;14px&#8221; body_line_height=&#8221;2em&#8221; global_colors_info=&#8221;{}&#8221;][\/et_pb_sidebar][\/et_pb_column][\/et_pb_row][\/et_pb_section]\n","protected":false},"excerpt":{"rendered":"<p>Presentaci\u00f3nNossa miss\u00e3o \u00e9 o desenvolvimento, a implanta\u00e7\u00e3o e a manuten\u00e7\u00e3o de recursos inform\u00e1ticos qualificados para satisfazer as necessidades de cada cliente, atual e potencial, com o objetivo de fideliz\u00e1-lo. A vis\u00e3o de CIJAM \u00e9 oferecer uma perene excel\u00eancia, modelo de refer\u00eancia profissional e social, assim como incrementar pregressivamente a fun\u00e7\u00e3o I+D+I em sistemas e gest\u00e3o, [&hellip;]<\/p>\n","protected":false},"author":1,"featured_media":1279,"parent":4421,"menu_order":0,"comment_status":"closed","ping_status":"closed","template":"","meta":{"_et_pb_use_builder":"on","_et_pb_old_content":"","_et_gb_content_width":"","footnotes":""},"class_list":["post-4426","page","type-page","status-publish","has-post-thumbnail","hentry"],"_links":{"self":[{"href":"https:\/\/cijam.com\/pt-pt\/wp-json\/wp\/v2\/pages\/4426","targetHints":{"allow":["GET"]}}],"collection":[{"href":"https:\/\/cijam.com\/pt-pt\/wp-json\/wp\/v2\/pages"}],"about":[{"href":"https:\/\/cijam.com\/pt-pt\/wp-json\/wp\/v2\/types\/page"}],"author":[{"embeddable":true,"href":"https:\/\/cijam.com\/pt-pt\/wp-json\/wp\/v2\/users\/1"}],"replies":[{"embeddable":true,"href":"https:\/\/cijam.com\/pt-pt\/wp-json\/wp\/v2\/comments?post=4426"}],"version-history":[{"count":3,"href":"https:\/\/cijam.com\/pt-pt\/wp-json\/wp\/v2\/pages\/4426\/revisions"}],"predecessor-version":[{"id":4535,"href":"https:\/\/cijam.com\/pt-pt\/wp-json\/wp\/v2\/pages\/4426\/revisions\/4535"}],"up":[{"embeddable":true,"href":"https:\/\/cijam.com\/pt-pt\/wp-json\/wp\/v2\/pages\/4421"}],"wp:featuredmedia":[{"embeddable":true,"href":"https:\/\/cijam.com\/pt-pt\/wp-json\/wp\/v2\/media\/1279"}],"wp:attachment":[{"href":"https:\/\/cijam.com\/pt-pt\/wp-json\/wp\/v2\/media?parent=4426"}],"curies":[{"name":"wp","href":"https:\/\/api.w.org\/{rel}","templated":true}]}}