{"id":4438,"date":"2023-07-05T20:50:19","date_gmt":"2023-07-05T18:50:19","guid":{"rendered":"https:\/\/cijam.com\/?page_id=4438"},"modified":"2023-07-06T11:28:28","modified_gmt":"2023-07-06T09:28:28","slug":"cijam-liquidaciones","status":"publish","type":"page","link":"https:\/\/cijam.com\/pt-pt\/mas-soluciones-cijam\/cijam-liquidaciones\/","title":{"rendered":"CIJAM Liquida\u00e7\u00f5es"},"content":{"rendered":"[et_pb_section fb_built=&#8221;1&#8243; _builder_version=&#8221;4.21.0&#8243; _module_preset=&#8221;default&#8221; background_color=&#8221;#383838&#8243; custom_padding=&#8221;0px||0px||false|false&#8221; global_colors_info=&#8221;{}&#8221;][et_pb_row _builder_version=&#8221;4.21.0&#8243; _module_preset=&#8221;default&#8221; custom_padding=&#8221;11px|||||&#8221; global_colors_info=&#8221;{}&#8221;][et_pb_column type=&#8221;4_4&#8243; _builder_version=&#8221;4.21.0&#8243; _module_preset=&#8221;default&#8221; global_colors_info=&#8221;{}&#8221;][et_pb_image src=&#8221;https:\/\/cijam.com\/wp-content\/uploads\/2023\/06\/mantenimiento_preventivo-1024&#215;350-2.jpg&#8221; title_text=&#8221;mantenimiento_preventivo-1024&#215;350&#8243; _builder_version=&#8221;4.21.0&#8243; _module_preset=&#8221;default&#8221; custom_padding=&#8221;33px|||||&#8221; hover_enabled=&#8221;0&#8243; global_colors_info=&#8221;{}&#8221; sticky_enabled=&#8221;0&#8243;][\/et_pb_image][\/et_pb_column][\/et_pb_row][\/et_pb_section][et_pb_section fb_built=&#8221;1&#8243; _builder_version=&#8221;4.21.0&#8243; custom_padding=&#8221;5px||9px|||&#8221; global_colors_info=&#8221;{}&#8221;][et_pb_row column_structure=&#8221;3_4,1_4&#8243; _builder_version=&#8221;4.21.0&#8243; _module_preset=&#8221;default&#8221; custom_margin=&#8221;|auto|10px|auto||&#8221; custom_padding=&#8221;||23px|||&#8221; global_colors_info=&#8221;{}&#8221;][et_pb_column type=&#8221;3_4&#8243; _builder_version=&#8221;4.21.0&#8243; _module_preset=&#8221;default&#8221; global_colors_info=&#8221;{}&#8221;][et_pb_text _builder_version=&#8221;4.21.0&#8243; _module_preset=&#8221;default&#8221; text_text_color=&#8221;#ad1917&#8243; header_text_color=&#8221;#ad1917&#8243; global_colors_info=&#8221;{}&#8221;]\n<h1>CIJAM Liquida\u00e7\u00f5es<\/h1>\n[\/et_pb_text][et_pb_text admin_label=&#8221;Text&#8221; _builder_version=&#8221;4.21.0&#8243; background_size=&#8221;initial&#8221; background_position=&#8221;top_left&#8221; background_repeat=&#8221;repeat&#8221; global_colors_info=&#8221;{}&#8221;]\n<p>O m\u00f3dulo\u00a0<strong>CIJAM Liquida\u00e7\u00f5es<\/strong>\u00a0tem como objetivo ajudar a conciliar os cobros, ou seja, facilitat as liquida\u00e7\u00f5es das faturas.<\/p>\n<p>Entre as suas funcionalidades est\u00e3o:<\/p>\n<ul>\n<li>Inser\u00e7\u00e3o de efeitos cont\u00e1beis<\/li>\n<li>Leitura de c\u00f3digos de faturas abonadas<\/li>\n<li>Concilia\u00e7\u00e3o autom\u00e1tica de cobros<\/li>\n<li>Desligar e enquadrar efeitos<\/li>\n<li>Enquadrar em esp\u00e9cie<\/li>\n<li>Gest\u00e3o da carteira com a solu\u00e7\u00e3o da gest\u00e3o<\/li>\n<\/ul>\n[\/et_pb_text][\/et_pb_column][et_pb_column type=&#8221;1_4&#8243; _builder_version=&#8221;4.21.0&#8243; _module_preset=&#8221;default&#8221; custom_padding=&#8221;|||25px|false|false&#8221; border_width_left=&#8221;4px&#8221; border_color_left=&#8221;#941a18&#8243; global_colors_info=&#8221;{}&#8221;][et_pb_sidebar area=&#8221;et_pb_widget_area_4&#8243; _builder_version=&#8221;4.21.0&#8243; _module_preset=&#8221;default&#8221; header_font_size=&#8221;23px&#8221; body_font_size=&#8221;14px&#8221; body_line_height=&#8221;2em&#8221; global_colors_info=&#8221;{}&#8221;][\/et_pb_sidebar][\/et_pb_column][\/et_pb_row][\/et_pb_section]\n","protected":false},"excerpt":{"rendered":"<p>CIJAM Liquida\u00e7\u00f5esO m\u00f3dulo\u00a0CIJAM Liquida\u00e7\u00f5es\u00a0tem como objetivo ajudar a conciliar os cobros, ou seja, facilitat as liquida\u00e7\u00f5es das faturas. Entre as suas funcionalidades est\u00e3o: Inser\u00e7\u00e3o de efeitos cont\u00e1beis Leitura de c\u00f3digos de faturas abonadas Concilia\u00e7\u00e3o autom\u00e1tica de cobros Desligar e enquadrar efeitos Enquadrar em esp\u00e9cie Gest\u00e3o da carteira com a solu\u00e7\u00e3o da gest\u00e3o<\/p>\n","protected":false},"author":1,"featured_media":901,"parent":4433,"menu_order":500,"comment_status":"open","ping_status":"closed","template":"","meta":{"_et_pb_use_builder":"on","_et_pb_old_content":"","_et_gb_content_width":"","footnotes":""},"class_list":["post-4438","page","type-page","status-publish","has-post-thumbnail","hentry"],"_links":{"self":[{"href":"https:\/\/cijam.com\/pt-pt\/wp-json\/wp\/v2\/pages\/4438","targetHints":{"allow":["GET"]}}],"collection":[{"href":"https:\/\/cijam.com\/pt-pt\/wp-json\/wp\/v2\/pages"}],"about":[{"href":"https:\/\/cijam.com\/pt-pt\/wp-json\/wp\/v2\/types\/page"}],"author":[{"embeddable":true,"href":"https:\/\/cijam.com\/pt-pt\/wp-json\/wp\/v2\/users\/1"}],"replies":[{"embeddable":true,"href":"https:\/\/cijam.com\/pt-pt\/wp-json\/wp\/v2\/comments?post=4438"}],"version-history":[{"count":4,"href":"https:\/\/cijam.com\/pt-pt\/wp-json\/wp\/v2\/pages\/4438\/revisions"}],"predecessor-version":[{"id":4472,"href":"https:\/\/cijam.com\/pt-pt\/wp-json\/wp\/v2\/pages\/4438\/revisions\/4472"}],"up":[{"embeddable":true,"href":"https:\/\/cijam.com\/pt-pt\/wp-json\/wp\/v2\/pages\/4433"}],"wp:featuredmedia":[{"embeddable":true,"href":"https:\/\/cijam.com\/pt-pt\/wp-json\/wp\/v2\/media\/901"}],"wp:attachment":[{"href":"https:\/\/cijam.com\/pt-pt\/wp-json\/wp\/v2\/media?parent=4438"}],"curies":[{"name":"wp","href":"https:\/\/api.w.org\/{rel}","templated":true}]}}